{"id":95,"date":"2023-03-05T20:07:09","date_gmt":"2023-03-05T19:07:09","guid":{"rendered":"https:\/\/grisby.news\/?page_id=95"},"modified":"2023-03-05T20:28:02","modified_gmt":"2023-03-05T19:28:02","slug":"grisby-mag-48","status":"publish","type":"page","link":"https:\/\/grisby.news\/index.php\/grisby-mag\/grisby-mag-2023\/grisby-mag-48\/","title":{"rendered":"Grisby Mag #48"},"content":{"rendered":"<h2 style=\"text-align: center;\">NICOLAS FERREOL &#8211; TCSO<\/h2>\n<figure id=\"attachment_88\" aria-describedby=\"caption-attachment-88\" style=\"width: 340px\" class=\"wp-caption aligncenter\"><a href=\"https:\/\/grisby.news\/wp-content\/uploads\/2023\/03\/Grisby-Mag-TCSO-Nicolas-Ferreol-La-Firme-Reseau-Affaires-Business-Toulouse-Janvier23-Num48.pdf\" target=\"_blank\" rel=\"noopener noreferrer\"><img loading=\"lazy\" class=\"wp-image-88\" src=\"https:\/\/grisby.news\/wp-content\/uploads\/2023\/03\/Grisby-Mag-TCSO-Nicolas-Ferreol-La-Firme-Reseau-Affaires-Business-Toulouse-680x970px.jpg\" alt=\"Grisby Mag 48 Magazine Business La Firme R\u00e9seau Affaires Toulouse janvier 2023 TCSO Nicolas Ferreol\" width=\"340\" height=\"485\" srcset=\"https:\/\/grisby.news\/wp-content\/uploads\/2023\/03\/Grisby-Mag-TCSO-Nicolas-Ferreol-La-Firme-Reseau-Affaires-Business-Toulouse-680x970px.jpg 680w, https:\/\/grisby.news\/wp-content\/uploads\/2023\/03\/Grisby-Mag-TCSO-Nicolas-Ferreol-La-Firme-Reseau-Affaires-Business-Toulouse-680x970px-210x300.jpg 210w\" sizes=\"(max-width: 340px) 100vw, 340px\" \/><\/a><figcaption id=\"caption-attachment-88\" class=\"wp-caption-text\">Cliquez sur l&rsquo;image pour t\u00e9l\u00e9charger le num\u00e9ro 48<\/figcaption><\/figure>\n<p style=\"text-align: left;\">\u00ab<i>\u00c7a m\u2019fait doucement marrer les startupers <\/i><i>qui bossent dans du coworking \u00e9colo bobo <\/i><i>ou en pilou dans leur chambre !<span class=\"Apple-converted-space\">\u00a0<\/span><\/i><\/p>\n<h3 style=\"text-align: left;\">DE LA BRIQUE &amp; DU MORTIER !<\/h3>\n<p style=\"text-align: left;\">D\u2019apr\u00e8s vous, quel est l\u2019accessoire essentiel pour en mettre plein les mirettes lorsqu\u2019on a r\u00e9ussi dans les affaires ? Une superbe caisse coup\u00e9e turbo diesel ritulante avec jantes alu ? Oui c\u2019est pas mal et \u00e7a permet de bien s\u2019afficher quand on d\u00e9barque en rdv client. Un costard bien cintr\u00e9 fait sur-mesure avec cravate et carr\u00e9 de soie de Murier, boutons de manchettes plaqu\u00e9s or en forme de dollars&#8230;? Bien, mais \u00e7a reste \u00e0 port\u00e9e de main de n\u2019importe quel escroc de base qui veut faire bonne impression.<\/p>\n<p class=\"p1\">Non, le v\u00e9ritable signe de r\u00e9ussite qui claque la r\u00e9tine, app\u00e2te le larfeuille de n\u2019importe quel chaland sans sourciller, assoit de mani\u00e8re ind\u00e9cente votre succ\u00e8s et vous assure une notori\u00e9t\u00e9 de winner c\u2019est assur\u00e9ment&#8230; votre local pro !<\/p>\n<p class=\"p1\">Vous avez remarqu\u00e9 que tous les boss qui cartonnent sont directement associ\u00e9s \u00e0 un b\u00e2timent, une \u00e9choppe ou des bureaux qui envoient du gros steak sauce b\u00e9arnaise histoire d\u2019en imposer s\u00e9v\u00e8rement. Vous \u00eates sceptiques ? Allez, on vous donne des exemples : Elon Musk et le si\u00e8ge de SpaceX, Louis XIV et le ch\u00e2teau de Versailles, Dark Vador et l\u2019\u00e9toile de la mort, le Googleplex, la Trump Tower, le Vatican et la chapelle Sixtine (le mieux not\u00e9 sur Google My Business, allez voir&#8230;), Fran\u00e7ois le first et le ch\u00e2teau de Chambord, Hassan Cehef et sa boutique en plein coeur du 18\u00e8me, Charlie et sa chocolaterie&#8230; Vous \u00eates convaincus maintenant n\u2019est-ce pas ?<\/p>\n<p class=\"p1\">Une fois cette prise de conscience faite, c\u2019est l\u00e0 que notre biz guy du mois intervient. Lui a bien compris depuis belle lurette que la base d\u2019un business qui envoie du cash se construit sur des fondamentaux bien solides sur leurs appuis. \u00c0 l\u2019ancienne, comme au rugby ! Et on vous parle de celui des vieilles ann\u00e9es un poil rugueuses. Quand des gaillards nourris uniquement de gras de canard avalaient du Synthol \u00e0 la mi-temps avant de retourner au charbon claquer du bourre-pif et, les crampons bien ancr\u00e9s dans le gazon, chatouiller de la cotelette adverse en m\u00eal\u00e9e pour s\u2019emparer de la gonfle. Le tout au milieu du son des os qui plient et des arcades qui c\u00e8dent !<\/p>\n<p class=\"p1\">L\u2019immobilier pro c\u2019est pareil, \u00e7a fige les valeurs traditionnelles et \u00e7a impressionne tout son p\u2019ti monde.<\/p>\n<p class=\"p1\">Pour les plus \u00ab cultur\u00e9s \u00bb d\u2019entre vous qui ont visit\u00e9 la Toscane, vous avez s\u00fbrement remarqu\u00e9 que les seigneurs et businessmen locaux s\u2019amusaient \u00e0 construire des tours de plus en plus hautes mani\u00e8re de contracter le biceps pour montrer qui avait la plus grosse. Concours de qu\u00e9quette d\u00e9risoire ou signe de succ\u00e8s ? C\u2019est pas pour rien que la ville de San Gimignano est appel\u00e9e la \u00ab mini-Manhattan de l\u2019\u00e9poque m\u00e9di\u00e9vale\u00a0\u00bb. Comme quoi, \u00e7a date cette affaire ! Et c\u2019est pas pr\u00eat de s\u2019arr\u00eater. Donc si vous voulez marquer des points sur le ring du biz\u2019 et mettre KO le game, va falloir enfiler le bleu de chauffe et aiguiser la truelle. Allez, au boulot !<\/p>\n<p>&gt;&gt;&gt; <a href=\"https:\/\/grisby.news\/wp-content\/uploads\/2023\/03\/Grisby-Mag-TCSO-Nicolas-Ferreol-La-Firme-Reseau-Affaires-Business-Toulouse-Janvier23-Num48.pdf\" target=\"_blank\" rel=\"noopener noreferrer\">T\u00e9l\u00e9chargez le Grisby Mag&rsquo; n\u00b048 de f\u00e9vrier 2023<\/a><\/p>\n","protected":false},"excerpt":{"rendered":"<p>NICOLAS FERREOL &#8211; TCSO \u00ab\u00c7a m\u2019fait doucement marrer les startupers qui bossent dans du coworking \u00e9colo bobo ou en pilou dans leur chambre !\u00a0 DE LA BRIQUE &amp; DU MORTIER ! D\u2019apr\u00e8s vous, quel est l\u2019accessoire essentiel pour en mettre plein les mirettes lorsqu\u2019on a r\u00e9ussi dans les affaires ? Une superbe caisse coup\u00e9e turbo [&hellip;]<\/p>\n","protected":false},"author":1,"featured_media":0,"parent":78,"menu_order":0,"comment_status":"closed","ping_status":"closed","template":"","meta":[],"_links":{"self":[{"href":"https:\/\/grisby.news\/index.php\/wp-json\/wp\/v2\/pages\/95"}],"collection":[{"href":"https:\/\/grisby.news\/index.php\/wp-json\/wp\/v2\/pages"}],"about":[{"href":"https:\/\/grisby.news\/index.php\/wp-json\/wp\/v2\/types\/page"}],"author":[{"embeddable":true,"href":"https:\/\/grisby.news\/index.php\/wp-json\/wp\/v2\/users\/1"}],"replies":[{"embeddable":true,"href":"https:\/\/grisby.news\/index.php\/wp-json\/wp\/v2\/comments?post=95"}],"version-history":[{"count":2,"href":"https:\/\/grisby.news\/index.php\/wp-json\/wp\/v2\/pages\/95\/revisions"}],"predecessor-version":[{"id":104,"href":"https:\/\/grisby.news\/index.php\/wp-json\/wp\/v2\/pages\/95\/revisions\/104"}],"up":[{"embeddable":true,"href":"https:\/\/grisby.news\/index.php\/wp-json\/wp\/v2\/pages\/78"}],"wp:attachment":[{"href":"https:\/\/grisby.news\/index.php\/wp-json\/wp\/v2\/media?parent=95"}],"curies":[{"name":"wp","href":"https:\/\/api.w.org\/{rel}","templated":true}]}}