{"id":92,"date":"2023-03-05T20:03:53","date_gmt":"2023-03-05T19:03:53","guid":{"rendered":"https:\/\/grisby.news\/?page_id=92"},"modified":"2023-03-05T20:26:13","modified_gmt":"2023-03-05T19:26:13","slug":"grisby-mag-49","status":"publish","type":"page","link":"https:\/\/grisby.news\/index.php\/grisby-mag\/grisby-mag-2023\/grisby-mag-49\/","title":{"rendered":"Grisby Mag #49"},"content":{"rendered":"<h2 style=\"text-align: center;\">MARINE BODY &#8211; Bromhead johnson<\/h2>\n<figure id=\"attachment_87\" aria-describedby=\"caption-attachment-87\" style=\"width: 340px\" class=\"wp-caption aligncenter\"><a href=\"https:\/\/grisby.news\/wp-content\/uploads\/2023\/03\/Grisby-Mag-Bromhead-Johnson-Marine-Body-La-Firme-Reseau-Affaires-Business-Toulouse-Fevrier23-Num49.pdf\" target=\"_blank\" rel=\"noopener noreferrer\"><img loading=\"lazy\" class=\"wp-image-87\" src=\"https:\/\/grisby.news\/wp-content\/uploads\/2023\/03\/Grisby-Mag-Bromhead-Johnson-Marine-Body-La-Firme-Reseau-Affaires-Business-Toulouse-680x970px.jpg\" alt=\"Grisby Mag 49 Marine Body Bromhead Johnson Magazine Business La Firme R\u00e9seau Affaires Toulouse f\u00e9vrier 2023\" width=\"340\" height=\"485\" srcset=\"https:\/\/grisby.news\/wp-content\/uploads\/2023\/03\/Grisby-Mag-Bromhead-Johnson-Marine-Body-La-Firme-Reseau-Affaires-Business-Toulouse-680x970px.jpg 680w, https:\/\/grisby.news\/wp-content\/uploads\/2023\/03\/Grisby-Mag-Bromhead-Johnson-Marine-Body-La-Firme-Reseau-Affaires-Business-Toulouse-680x970px-210x300.jpg 210w\" sizes=\"(max-width: 340px) 100vw, 340px\" \/><\/a><figcaption id=\"caption-attachment-87\" class=\"wp-caption-text\">Cliquez sur l&rsquo;image pour t\u00e9l\u00e9charger le num\u00e9ro 49<\/figcaption><\/figure>\n<p style=\"text-align: left;\">\u00ab<i>Une marque c\u2019est comme une seconde identit\u00e9. <\/i><i>Regarde Pablo, on l\u2019associe direct au Cartel de Medellin. \u00c7a c\u2019est du market\u2019 de comp\u00e8te ! <\/i>\u00bb<\/p>\n<h3 style=\"text-align: left;\">Brand New Day !<\/h3>\n<p style=\"text-align: left;\">Manquant de souffle, transpirante d\u2019inqui\u00e9tude et limite en panique totale si elle n\u2019est pas en contact avec une marque dans son environnement proche&#8230; oui on peut dire, cliniquement parlant, que notre biz girl du mois est pathologiquement addict aux logos, noms et autres identit\u00e9s visuelles ! C\u2019est pas grave en fait, \u00e7a se soigne tr\u00e8s bien et c\u2019est m\u00eame un avantage de poids dans son domaine de la propri\u00e9t\u00e9 intellectuelle.<\/p>\n<p class=\"p1\">En m\u00eame temps, elle a \u00e9t\u00e9 affubl\u00e9e d\u00e8s sa naissance d\u2019un blaze qui fr\u00f4le avec ind\u00e9cence et acharnement la pr\u00e9destination. Et m\u00eame 2 en fait, pr\u00e9nom et nom \u00e0 forte consonnance anglo-saxonne malgr\u00e9 ses origines gersoises. \u00c0 croire que daron et daronne avait bien anticip\u00e9 l\u2019avenir de leur prog\u00e9niture. Ou alors ils ont juste constat\u00e9 les faits&#8230; c\u2019est vrai qu\u2019un baby qui s\u2019amuse naturellement d\u00e8s ses 1ers mois \u00e0 d\u00e9coller les \u00e9tiquettes de ses jouets pr\u00e9f\u00e9r\u00e9s pour en faire une collection bien class\u00e9e, cat\u00e9goris\u00e9e, \u00e7a a de quoi surprendre. Tous les grands noms sont pass\u00e9s \u00e0 la moulinette : Playskool, Nathan, Hasbro, Mattel, Fisher-Price, Lego et on en passe&#8230; Au point qu\u2019une fois l\u2019\u00e9tiquette bien rang\u00e9e, le pauvre jouet se retrouvait totalement d\u00e9laiss\u00e9 dans un fond de placard pour y prendre irr\u00e9m\u00e9diablement la poussi\u00e8re. Triste destin pensez-vous, mais c\u2019est juste une question de point de vue finalement. Chacun ses centres d\u2019int\u00e9r\u00eats m\u00eame si dans ce cas on admet que \u00e7a peut para\u00eetre chelou \u00e0 1\u00e8re vue&#8230;<\/p>\n<p class=\"p1\">Ensuite, le ph\u00e9nom\u00e8ne n\u2019a fait qu\u2019empirer pour atteindre des sommets d\u00e9fiant l\u2019entendement. Les sp\u00e9cialistes en psycho appellent \u00e7a de la \u00ab brandophilie compulsive obsessionnelle\u00a0\u00bb mais pour elle tout ceci est totalement normal et ne pose aucun probl\u00e8me particulier. Du coup direction UK et London, le Disneyland des marques et autres business mark\u00e9t\u00e9s. L\u00e0 o\u00f9 le moindre kebab (ou resto paki l\u00e0-bas), pub aux innombrables tireuses \u00e0 houblon ou marchand ambulant de bibelots pour touriste, attache une importance d\u00e9lirante au fait de \u00ab pimper \u00bb son biz\u2019.<\/p>\n<p class=\"p1\">C\u2019est ancr\u00e9 dans leurs g\u00e8nes et savamment entretenu de mani\u00e8re collective. Une marque solide comme Guinness est l\u00e0 depuis 1759,<span class=\"Apple-converted-space\">\u00a0 <\/span>et c\u2019est m\u00eame marqu\u00e9 dessus. Les chapeaux de la Queen, les taxis londoniens, la Garde Royale de Buckingham, la pelouse de Wimbledon&#8230; Le famous Union Jack lui-m\u00eame est une ode au branding. Tous sont reconnaissables au 1er coup d\u2019oeil, forgeant l\u2019imagerie populaire et business du monde entier. On a l\u2019impression \u00e0 tout moment qu\u2019une agence sp\u00e9cialis\u00e9e est pass\u00e9e mettre un coup de polish sur chaque commerce, boite ou concept.<\/p>\n<p class=\"p1\">Mais en fait, c\u2019est bien plus puissant que \u00e7a. Ce que faisait Marine \u00e0 son plus jeune \u00e2ge, ils le font tous d\u00e8s la 1\u00e8re gorg\u00e9e de biberon l\u00e0-bas. Il ne vous reste plus qu\u2019\u00e0 vous y coller et \u00e0 ciseler votre branding. Sans passer par la case bib\u2019, un p\u2019ti fond de Brandy fera aussi bien le job !<\/p>\n<p>&gt;&gt;&gt; <a href=\"https:\/\/grisby.news\/wp-content\/uploads\/2023\/03\/Grisby-Mag-Bromhead-Johnson-Marine-Body-La-Firme-Reseau-Affaires-Business-Toulouse-Fevrier23-Num49.pdf\" target=\"_blank\" rel=\"noopener noreferrer\">T\u00e9l\u00e9chargez le Grisby Mag&rsquo; n\u00b049 de f\u00e9vrier 2023<\/a><\/p>\n","protected":false},"excerpt":{"rendered":"<p>MARINE BODY &#8211; Bromhead johnson \u00abUne marque c\u2019est comme une seconde identit\u00e9. Regarde Pablo, on l\u2019associe direct au Cartel de Medellin. \u00c7a c\u2019est du market\u2019 de comp\u00e8te ! \u00bb Brand New Day ! Manquant de souffle, transpirante d\u2019inqui\u00e9tude et limite en panique totale si elle n\u2019est pas en contact avec une marque dans son environnement [&hellip;]<\/p>\n","protected":false},"author":1,"featured_media":0,"parent":78,"menu_order":0,"comment_status":"closed","ping_status":"closed","template":"","meta":[],"_links":{"self":[{"href":"https:\/\/grisby.news\/index.php\/wp-json\/wp\/v2\/pages\/92"}],"collection":[{"href":"https:\/\/grisby.news\/index.php\/wp-json\/wp\/v2\/pages"}],"about":[{"href":"https:\/\/grisby.news\/index.php\/wp-json\/wp\/v2\/types\/page"}],"author":[{"embeddable":true,"href":"https:\/\/grisby.news\/index.php\/wp-json\/wp\/v2\/users\/1"}],"replies":[{"embeddable":true,"href":"https:\/\/grisby.news\/index.php\/wp-json\/wp\/v2\/comments?post=92"}],"version-history":[{"count":5,"href":"https:\/\/grisby.news\/index.php\/wp-json\/wp\/v2\/pages\/92\/revisions"}],"predecessor-version":[{"id":103,"href":"https:\/\/grisby.news\/index.php\/wp-json\/wp\/v2\/pages\/92\/revisions\/103"}],"up":[{"embeddable":true,"href":"https:\/\/grisby.news\/index.php\/wp-json\/wp\/v2\/pages\/78"}],"wp:attachment":[{"href":"https:\/\/grisby.news\/index.php\/wp-json\/wp\/v2\/media?parent=92"}],"curies":[{"name":"wp","href":"https:\/\/api.w.org\/{rel}","templated":true}]}}