{"id":82,"date":"2023-03-05T17:53:54","date_gmt":"2023-03-05T16:53:54","guid":{"rendered":"https:\/\/grisby.news\/?page_id=82"},"modified":"2023-03-06T10:37:32","modified_gmt":"2023-03-06T09:37:32","slug":"grisby-mag-50","status":"publish","type":"page","link":"https:\/\/grisby.news\/index.php\/grisby-mag\/grisby-mag-2023\/grisby-mag-50\/","title":{"rendered":"Grisby Mag #50"},"content":{"rendered":"<h2 style=\"text-align: center;\">Num\u00e9ro sp\u00e9cial 50\u00c8ME<\/h2>\n<figure id=\"attachment_89\" aria-describedby=\"caption-attachment-89\" style=\"width: 340px\" class=\"wp-caption aligncenter\"><a href=\"https:\/\/grisby.news\/wp-content\/uploads\/2023\/03\/Grisby-Mag-Magazine-Business-La-Firme-Reseau-Affaires-Toulouse-Mars23-Num50.pdf\" target=\"_blank\" rel=\"noopener noreferrer\"><img loading=\"lazy\" class=\"wp-image-89\" src=\"https:\/\/grisby.news\/wp-content\/uploads\/2023\/03\/Grisby-Mag-Numero-50-La-Firme-Reseau-Affaires-Business-Toulouse-680x970px.jpg\" alt=\"Grisby Mag 50 Magazine Business La Firme R\u00e9seau Affaires Toulouse mars 2023\" width=\"340\" height=\"485\" srcset=\"https:\/\/grisby.news\/wp-content\/uploads\/2023\/03\/Grisby-Mag-Numero-50-La-Firme-Reseau-Affaires-Business-Toulouse-680x970px.jpg 680w, https:\/\/grisby.news\/wp-content\/uploads\/2023\/03\/Grisby-Mag-Numero-50-La-Firme-Reseau-Affaires-Business-Toulouse-680x970px-210x300.jpg 210w\" sizes=\"(max-width: 340px) 100vw, 340px\" \/><\/a><figcaption id=\"caption-attachment-89\" class=\"wp-caption-text\">Cliquez sur limage pour t\u00e9l\u00e9charger le num\u00e9ro 50<\/figcaption><\/figure>\n<p style=\"text-align: left;\">\u00ab <i>Pour r\u00e9ussir y para\u00eet que c\u2019est pas compliqu\u00e9 : i<\/i><i>l faut voir grand, commencer petit et aller vite. <\/i><i>OK&#8230; dans 2-3 ans, on tape Forbes !<span class=\"Apple-converted-space\">\u00a0<\/span><\/i>\u00bb<\/p>\n<h3 style=\"text-align: left;\">1+1+1&#8230; = 50 !<\/h3>\n<p style=\"text-align: left;\">D\u00e9j\u00e0 la 50\u00e8me \u00e9dition de votre feuille de chou business pr\u00e9f\u00e9r\u00e9e ! L\u2019aventure a commenc\u00e9 en juin 2018 et on va d\u00e9buter direct avec un \u00ab Big Up \u00bb (yo!) appuy\u00e9 \u00e0 Typhaine, co-r\u00e9dactrice en chef qui vous nourrit depuis tout ce temps avec ses articles et conseils de lecture de la rubrique News Business. De quoi vous repa\u00eetre grassement de culture et d\u2019infos business afin de faire de vous des champions du biz\u2019 et faire d\u00e9railler les m\u00e9caniques pourtant bien huil\u00e9es de vos caisses enregistreuses !<\/p>\n<p class=\"p1\">Les plus grandes maisons d\u2019\u00e9dition et r\u00e9dactions nous ont contact\u00e9 (si, si, jur\u00e9 !) pour y mettre leur pif et surtout leurs sales pattes sur ce projet\u00a0: Harvard Business Review, Time, Forbes&#8230; Mais m\u00eame sous une pression totalement d\u00e9lirante, chantage et autre intimidation, on a toujours refus\u00e9 le moindre apport en capital afin de garder la main sur le contenu du Grisby Mag\u2019. Mais c\u2019est que nous, on se laisse pas corrompre comme \u00e7a aussi facilement&#8230; Hahaaaa, non non non mais non alors (vas-y, compte les biftons dans la malette l\u00e0&#8230; mouais, ha oui quand m\u00eame, t\u2019es s\u00fbre on prend pas ?).<\/p>\n<p class=\"p1\">Du coup pour ce num\u00e9ro sp\u00e9cial, vous d\u00e9couvrez en une la toute 1\u00e8re couv\u2019 r\u00e9alis\u00e9e gr\u00e2ce \u00e0 l\u2019IA. D\u2019habitude on se coltine \u00e7a \u00e0 l\u2019ancienne avec nos petites mimines, un bon vieux Photoshop, genre juste au-dessus de Paint sur Atari 1040 STF (mention sp\u00e9ciale aux amateurs de vintage \ud83d\ude09 et un peu d\u2019huile de colza de coude.<\/p>\n<p class=\"p1\">Mais l\u00e0 il a fallu s\u2019adapter \u00e0 l\u2019\u00e9poque. Pour ceux qui s\u2019int\u00e9ressent, on a fait mouliner la b\u00e9cane sur Midjourney, une \u00e9volution algorithmique du T-1000 mais en \u00e9vitant la version en m\u00e9tal liquide avec ses l\u00e9g\u00e8res d\u00e9viances psycho et autres bugs de Skynet, sur le th\u00e8me \u00ab Grisby gold casino gangster cochon tirelire \u00bb.<\/p>\n<p class=\"p1\">Et tadaaa, voil\u00e0 le r\u00e9sultat ! 15 secondes d\u2019attente, 2-3 retouches rapides&#8230; et voici comment cramer le boulot de tous les graphistes du game qui n\u2019ont plus qu\u2019\u00e0 pointer \u00e0 P\u00f4le Emploi ! Comment \u00e7a aucune morale&#8230;? Oui bin nous on fait avec les outils modernes \u00e0 dispo ! D\u2019ailleurs pour les articles on va faire pareil : on met quelques mots cl\u00e9s business dans le fourbi et \u00e7a sera tout pareil que ce que nous pond Typhaine chaque mois. Allez hop, t\u2019es vir\u00e9e, compta, ch\u00e8que ! Oui oui, elle le d\u00e9couvre en m\u00eame temps que vous en lisant ces lignes. Ouais c\u2019est dur mais c\u2019est comme en 2023, arr\u00eatez d\u2019chialer, c\u2019est \u00e7a le business. Et puis, \u00e7a lui laissera du temps pour aller taper la baballe de golf et faire du r\u00e9seau par la m\u00eame occasion. Tout b\u00e9n\u00e9f\u2019, win-win, tout \u00e7a \ud83d\ude42<\/p>\n<p class=\"p1\">Bon allez d\u2019accord, on va quand m\u00eame la garder parce que l\u2019IA c\u2019est bien pour d\u00e9grossir le job mais le sens du d\u00e9tail, d\u00e9nicher LA petite info cl\u00e9 et les tendances pour l\u2019avenir de votre business, l\u00e0 l\u2019IA ne peut pas concurrencer. Allez Typh\u2019, range les clubs et remets-toi au boulot&#8230; Y\u2019a le 51\u00e8me num\u00e9ro \u00e0 boucler !<\/p>\n<p>&gt;&gt;&gt; <a href=\"https:\/\/grisby.news\/wp-content\/uploads\/2023\/03\/Grisby-Mag-Magazine-Business-La-Firme-Reseau-Affaires-Toulouse-Mars23-Num50.pdf\" target=\"_blank\" rel=\"noopener noreferrer\">T\u00e9l\u00e9chargez le Grisby Mag&rsquo; n\u00b050 de mars 2023<\/a><\/p>\n","protected":false},"excerpt":{"rendered":"<p>Num\u00e9ro sp\u00e9cial 50\u00c8ME \u00ab Pour r\u00e9ussir y para\u00eet que c\u2019est pas compliqu\u00e9 : il faut voir grand, commencer petit et aller vite. OK&#8230; dans 2-3 ans, on tape Forbes !\u00a0\u00bb 1+1+1&#8230; = 50 ! D\u00e9j\u00e0 la 50\u00e8me \u00e9dition de votre feuille de chou business pr\u00e9f\u00e9r\u00e9e ! L\u2019aventure a commenc\u00e9 en juin 2018 et on va [&hellip;]<\/p>\n","protected":false},"author":1,"featured_media":0,"parent":78,"menu_order":0,"comment_status":"closed","ping_status":"closed","template":"","meta":[],"_links":{"self":[{"href":"https:\/\/grisby.news\/index.php\/wp-json\/wp\/v2\/pages\/82"}],"collection":[{"href":"https:\/\/grisby.news\/index.php\/wp-json\/wp\/v2\/pages"}],"about":[{"href":"https:\/\/grisby.news\/index.php\/wp-json\/wp\/v2\/types\/page"}],"author":[{"embeddable":true,"href":"https:\/\/grisby.news\/index.php\/wp-json\/wp\/v2\/users\/1"}],"replies":[{"embeddable":true,"href":"https:\/\/grisby.news\/index.php\/wp-json\/wp\/v2\/comments?post=82"}],"version-history":[{"count":7,"href":"https:\/\/grisby.news\/index.php\/wp-json\/wp\/v2\/pages\/82\/revisions"}],"predecessor-version":[{"id":112,"href":"https:\/\/grisby.news\/index.php\/wp-json\/wp\/v2\/pages\/82\/revisions\/112"}],"up":[{"embeddable":true,"href":"https:\/\/grisby.news\/index.php\/wp-json\/wp\/v2\/pages\/78"}],"wp:attachment":[{"href":"https:\/\/grisby.news\/index.php\/wp-json\/wp\/v2\/media?parent=82"}],"curies":[{"name":"wp","href":"https:\/\/api.w.org\/{rel}","templated":true}]}}