{"id":5,"date":"2021-09-22T12:35:12","date_gmt":"2021-09-22T10:35:12","guid":{"rendered":"http:\/\/grisby.news\/?page_id=5"},"modified":"2023-06-30T16:37:29","modified_gmt":"2023-06-30T14:37:29","slug":"accueil","status":"publish","type":"page","link":"https:\/\/grisby.news\/","title":{"rendered":"Grisby Power"},"content":{"rendered":"<p class=\"p1\" style=\"text-align: justify;\">D\u00e9di\u00e9 au <strong>Business<\/strong>, la marque Grisby est un m\u00e9dia surprenant et innovant (bin oui, c&rsquo;est nous qui l&rsquo;avons fait alors on va pas dire le contraire \ud83d\ude42 qui regroupe plusieurs p\u00f4les.<\/p>\n<figure id=\"attachment_201\" aria-describedby=\"caption-attachment-201\" style=\"width: 340px\" class=\"wp-caption aligncenter\"><a href=\"https:\/\/grisby.news\/index.php\/grisby-mag\/grisby-mag-2023\/grisby-mag-52\/\"><img loading=\"lazy\" class=\"wp-image-201\" src=\"https:\/\/grisby.news\/wp-content\/uploads\/2023\/06\/52-Grisby-Mag-La-Guilde-Laurent-Casado-La-Firme-Reseau-Affaires-Business-Lyon-680x970px.jpg\" alt=\"Grisby Magazine Business La Guilde Laurent Casado La Firme R\u00e9seau Affaires Lyon\" width=\"340\" height=\"485\" srcset=\"https:\/\/grisby.news\/wp-content\/uploads\/2023\/06\/52-Grisby-Mag-La-Guilde-Laurent-Casado-La-Firme-Reseau-Affaires-Business-Lyon-680x970px.jpg 680w, https:\/\/grisby.news\/wp-content\/uploads\/2023\/06\/52-Grisby-Mag-La-Guilde-Laurent-Casado-La-Firme-Reseau-Affaires-Business-Lyon-680x970px-210x300.jpg 210w\" sizes=\"(max-width: 340px) 100vw, 340px\" \/><\/a><figcaption id=\"caption-attachment-201\" class=\"wp-caption-text\">&gt;&gt;&gt; Clique sur l&rsquo;image pour lire l&rsquo;article !<\/figcaption><\/figure>\n<p class=\"p1\" style=\"text-align: justify;\">\u2022 Un\u00a0<a href=\"https:\/\/grisby.news\/index.php\/grisby-mag\/\">magazine\u00a0business<\/a> : version papier \u00e0 l&rsquo;ancienne, d\u00e9di\u00e9e aux entrepreneurs et truff\u00e9 d&rsquo;astuces de winners ;<\/p>\n<p class=\"p1\" style=\"text-align: justify;\">\u2022 Une \u00e9mission de radio : diffus\u00e9e sur YouTube pour faire genre on est jeunes et modernes ;<\/p>\n<p class=\"p1\" style=\"text-align: justify;\">\u2022 Des infos business\u00a0sur ce site : du <strong>d\u00e9veloppement d&rsquo;affaires<\/strong> dans tous les sens. Toulouse ne va s\u00fbrement pas s&rsquo;en remettre, m\u00eame ici \u00e0 la r\u00e9dac&rsquo; on est encore sous le choc ;<\/p>\n<p class=\"p1\" style=\"text-align: justify;\">\u2022 Un jeu business : comme on s&rsquo;ennuyait un peu en soir\u00e9e apr\u00e8s de longues et folles journ\u00e9es de prospection, on s&rsquo;est lanc\u00e9 le d\u00e9fi d&rsquo;essayer d&rsquo;\u00eatre de vrais entrepreneurs de ouf&rsquo; et de punir sauvagement le 1er qui s&rsquo;endormait. Et c&rsquo;est l\u00e0, dans un \u00e9tat de fatigue extr\u00eame, qu&rsquo;a surgi l&rsquo;id\u00e9e\u00a0d\u00e9glingu\u00e9e du bulbe :<\/p>\n<p class=\"p1\" style=\"text-align: justify;\">&#8211; \u00ab\u00a0Et si on faisait un jeu totalement d\u00e9jant\u00e9 d\u00e9di\u00e9 au business !?\u00a0\u00bb<br \/>\n&#8211; \u00ab\u00a0\u00c7a n&rsquo;existe pas, pourquoi on ferait \u00e7a ?\u00a0\u00bb<br \/>\n&#8211; \u00ab\u00a0H\u00e9 bin, justement parce que personne ne l&rsquo;a jamais fait donc on va s&rsquo;y coller.\u00a0\u00bb<\/p>\n<p class=\"p1\" style=\"text-align: justify;\">Et ainsi naquit (le pass\u00e9 simple \u00e7a fait toujours son p&rsquo;ti effet) le Grisby version jeu de soci\u00e9t\u00e9. Des soir\u00e9es fa\u00e7on le Loup de Wall Street (bon ok, avec un poil moins de budget), des tables de jeu comme au casino, des biftons qui volent de partout et des croupi\u00e8res sexy&#8230; Id\u00e9al pour les soir\u00e9es team builing ou networking pour <strong>se faire du r\u00e9seau<\/strong> et d\u00e9velopper ses affaires \u00e0 la cool.<\/p>\n<p class=\"p1\" style=\"text-align: justify;\">Si avec \u00e7a, les <strong>entrepreneurs<\/strong> se sentent pas au top, nous on abandonne et on redevient salari\u00e9s dans le tertiaire (au service compta gestion paye, le truc le + m\u00e9ga fun quoi !)<\/p>\n<p>Nous avons titill\u00e9 votre curiosit\u00e9 ? Allez, ne soyez pas timide et contcatez-nous. Nous sommes l\u00e0 pour r\u00e9pondre \u00e0 toutes vos questions sur le <strong>d\u00e9veloppement d&rsquo;affaires<\/strong>.<\/p>\n","protected":false},"excerpt":{"rendered":"<p>D\u00e9di\u00e9 au Business, la marque Grisby est un m\u00e9dia surprenant et innovant (bin oui, c&rsquo;est nous qui l&rsquo;avons fait alors on va pas dire le contraire \ud83d\ude42 qui regroupe plusieurs p\u00f4les. \u2022 Un\u00a0magazine\u00a0business : version papier \u00e0 l&rsquo;ancienne, d\u00e9di\u00e9e aux entrepreneurs et truff\u00e9 d&rsquo;astuces de winners ; \u2022 Une \u00e9mission de radio : diffus\u00e9e sur [&hellip;]<\/p>\n","protected":false},"author":1,"featured_media":0,"parent":0,"menu_order":0,"comment_status":"closed","ping_status":"closed","template":"template-homepage.php","meta":[],"_links":{"self":[{"href":"https:\/\/grisby.news\/index.php\/wp-json\/wp\/v2\/pages\/5"}],"collection":[{"href":"https:\/\/grisby.news\/index.php\/wp-json\/wp\/v2\/pages"}],"about":[{"href":"https:\/\/grisby.news\/index.php\/wp-json\/wp\/v2\/types\/page"}],"author":[{"embeddable":true,"href":"https:\/\/grisby.news\/index.php\/wp-json\/wp\/v2\/users\/1"}],"replies":[{"embeddable":true,"href":"https:\/\/grisby.news\/index.php\/wp-json\/wp\/v2\/comments?post=5"}],"version-history":[{"count":9,"href":"https:\/\/grisby.news\/index.php\/wp-json\/wp\/v2\/pages\/5\/revisions"}],"predecessor-version":[{"id":212,"href":"https:\/\/grisby.news\/index.php\/wp-json\/wp\/v2\/pages\/5\/revisions\/212"}],"wp:attachment":[{"href":"https:\/\/grisby.news\/index.php\/wp-json\/wp\/v2\/media?parent=5"}],"curies":[{"name":"wp","href":"https:\/\/api.w.org\/{rel}","templated":true}]}}