{"id":36,"date":"2022-01-10T16:31:26","date_gmt":"2022-01-10T15:31:26","guid":{"rendered":"https:\/\/grisby.news\/?page_id=36"},"modified":"2023-04-05T14:24:51","modified_gmt":"2023-04-05T12:24:51","slug":"grisby-mag-2022","status":"publish","type":"page","link":"https:\/\/grisby.news\/index.php\/grisby-mag\/grisby-mag-2022\/","title":{"rendered":"Grisby Mag 2022"},"content":{"rendered":"<p>Retrouvez toutes les \u00e9ditions du <strong>Grisby Mag&rsquo; 2022<\/strong> !<\/p>\n<ul>\n<li><strong>D\u00e9cembre n\u00b047<\/strong> \/ <a href=\"https:\/\/grisby.news\/index.php\/grisby-mag\/grisby-mag-2022\/grisby-mag-47\/\">Jean-Philippe Magne &#8211; La Firme Bordeaux<\/a><\/li>\n<li><strong>Novembre n\u00b046<\/strong> \/ <a href=\"https:\/\/grisby.news\/index.php\/grisby-mag\/grisby-mag-2022\/grisby-mag-46\/\">St\u00e9phanie Desvaux &#8211; S&rsquo;toria<\/a><\/li>\n<li><strong>Octobre n\u00b045<\/strong> \/ <a href=\"https:\/\/grisby.news\/index.php\/grisby-mag\/grisby-mag-2022\/grisby-mag-45\/\">Laurent Bannwarth &#8211; Leaderseed<\/a><\/li>\n<li><strong>Summer n\u00b044<\/strong> \/ <a href=\"https:\/\/grisby.news\/index.php\/grisby-mag\/grisby-mag-2022\/grisby-mag-44\/\">Las Firmas Parano<\/a><\/li>\n<li><strong>Juin n\u00b043<\/strong> \/ <a href=\"https:\/\/grisby.news\/index.php\/grisby-mag\/grisby-mag-2022\/grisby-mag-43\/\">Bastian Boutolleau &#8211; La Firme Lyon<\/a><\/li>\n<li><strong>Mai n\u00b042<\/strong> \/ <a href=\"https:\/\/grisby.news\/index.php\/grisby-mag\/grisby-mag-2022\/grisby-mag-42\/\">Bernard \u00ab\u00a0Powers\u00a0\u00bb Leservoisier<\/a><\/li>\n<li><strong>Avril n\u00b041<\/strong> \/ <a href=\"https:\/\/grisby.news\/index.php\/grisby-mag\/grisby-mag-2022\/grisby-mag-41\/\">Laurent Pouymayou &#8211; LP Recrutement<\/a><\/li>\n<li><strong>Mars n\u00b040<\/strong> \/ <a href=\"https:\/\/grisby.news\/index.php\/grisby-mag\/grisby-mag-2022\/grisby-mag-40\/\">Grisby Bad Trip<\/a><\/li>\n<li><strong>F\u00e9vrier n\u00b039<\/strong> \/ <a href=\"https:\/\/grisby.news\/index.php\/grisby-mag\/grisby-mag-2022\/grisby-mag-39\/\">Jessica Saleix &#8211; IAD Immobilier<\/a><\/li>\n<li><strong>Janvier n\u00b038<\/strong> \/ <a href=\"https:\/\/grisby.news\/index.php\/grisby-mag\/grisby-mag-2022\/grisby-mag-38\/\">Nathalie Colomb &#8211; soci\u00e9t\u00e9 D\u00e9cosignal<\/a><\/li>\n<\/ul>\n<p><img loading=\"lazy\" class=\"alignright size-full wp-image-198\" src=\"https:\/\/grisby.news\/wp-content\/uploads\/2023\/04\/GRISBY-MAG-2022-Magazine-Business-Toulouse-Reseau-Affaires.jpg\" alt=\"Grisby Mag Magazine Business La Firme Toulouse Club Affaires 2022\" width=\"1500\" height=\"850\" srcset=\"https:\/\/grisby.news\/wp-content\/uploads\/2023\/04\/GRISBY-MAG-2022-Magazine-Business-Toulouse-Reseau-Affaires.jpg 1500w, https:\/\/grisby.news\/wp-content\/uploads\/2023\/04\/GRISBY-MAG-2022-Magazine-Business-Toulouse-Reseau-Affaires-300x170.jpg 300w, https:\/\/grisby.news\/wp-content\/uploads\/2023\/04\/GRISBY-MAG-2022-Magazine-Business-Toulouse-Reseau-Affaires-1024x580.jpg 1024w, https:\/\/grisby.news\/wp-content\/uploads\/2023\/04\/GRISBY-MAG-2022-Magazine-Business-Toulouse-Reseau-Affaires-768x435.jpg 768w\" sizes=\"(max-width: 1500px) 100vw, 1500px\" \/><\/p>\n<p>Pour le fun ou la nostalgie (on sait que certains parmi vous sont sensibles) vous pourrez bient\u00f4t revivre l&rsquo;int\u00e9gralit\u00e9 des aventures du Grisby Mag&rsquo; depuis ses tous d\u00e9buts en 2018. On est en train d&rsquo;y plancher intens\u00e9ment :<\/p>\n<ul>\n<li>Grisby Mag&rsquo; &#8211; Ann\u00e9e 2021<\/li>\n<li>Grisby Mag&rsquo; &#8211; Ann\u00e9e 2020<\/li>\n<li>Grisby Mag&rsquo; &#8211; Ann\u00e9e 2019<\/li>\n<li>Grisby Mag&rsquo; &#8211; Ann\u00e9e 2018<\/li>\n<\/ul>\n<p>&nbsp;<\/p>\n","protected":false},"excerpt":{"rendered":"<p>Retrouvez toutes les \u00e9ditions du Grisby Mag&rsquo; 2022 ! D\u00e9cembre n\u00b047 \/ Jean-Philippe Magne &#8211; La Firme Bordeaux Novembre n\u00b046 \/ St\u00e9phanie Desvaux &#8211; S&rsquo;toria Octobre n\u00b045 \/ Laurent Bannwarth &#8211; Leaderseed Summer n\u00b044 \/ Las Firmas Parano Juin n\u00b043 \/ Bastian Boutolleau &#8211; La Firme Lyon Mai n\u00b042 \/ Bernard \u00ab\u00a0Powers\u00a0\u00bb Leservoisier Avril n\u00b041 [&hellip;]<\/p>\n","protected":false},"author":1,"featured_media":0,"parent":26,"menu_order":0,"comment_status":"closed","ping_status":"closed","template":"","meta":[],"_links":{"self":[{"href":"https:\/\/grisby.news\/index.php\/wp-json\/wp\/v2\/pages\/36"}],"collection":[{"href":"https:\/\/grisby.news\/index.php\/wp-json\/wp\/v2\/pages"}],"about":[{"href":"https:\/\/grisby.news\/index.php\/wp-json\/wp\/v2\/types\/page"}],"author":[{"embeddable":true,"href":"https:\/\/grisby.news\/index.php\/wp-json\/wp\/v2\/users\/1"}],"replies":[{"embeddable":true,"href":"https:\/\/grisby.news\/index.php\/wp-json\/wp\/v2\/comments?post=36"}],"version-history":[{"count":7,"href":"https:\/\/grisby.news\/index.php\/wp-json\/wp\/v2\/pages\/36\/revisions"}],"predecessor-version":[{"id":199,"href":"https:\/\/grisby.news\/index.php\/wp-json\/wp\/v2\/pages\/36\/revisions\/199"}],"up":[{"embeddable":true,"href":"https:\/\/grisby.news\/index.php\/wp-json\/wp\/v2\/pages\/26"}],"wp:attachment":[{"href":"https:\/\/grisby.news\/index.php\/wp-json\/wp\/v2\/media?parent=36"}],"curies":[{"name":"wp","href":"https:\/\/api.w.org\/{rel}","templated":true}]}}