{"id":33,"date":"2022-01-10T16:28:57","date_gmt":"2022-01-10T15:28:57","guid":{"rendered":"https:\/\/grisby.news\/?page_id=33"},"modified":"2022-02-10T18:59:01","modified_gmt":"2022-02-10T17:59:01","slug":"grisby-mag-38","status":"publish","type":"page","link":"https:\/\/grisby.news\/index.php\/grisby-mag\/grisby-mag-2022\/grisby-mag-38\/","title":{"rendered":"Grisby Mag #38"},"content":{"rendered":"<h2 style=\"text-align: center;\">NATHALIE COLOMB : D\u00e9cosignal<\/h2>\n<figure id=\"attachment_43\" aria-describedby=\"caption-attachment-43\" style=\"width: 340px\" class=\"wp-caption aligncenter\"><a href=\"https:\/\/grisby.news\/wp-content\/uploads\/2022\/01\/Grisby-Mag-Decosignal-Nathalie-Colomb-La-Firme-Reseau-Affaires-Business-Toulouse-Janvier22-Num38.pdf\" target=\"_blank\" rel=\"noopener noreferrer\"><img loading=\"lazy\" class=\"wp-image-43\" src=\"https:\/\/grisby.news\/wp-content\/uploads\/2022\/01\/Grisby-Mag-Decosignal-Nathalie-Colomb-La-Firme-Reseau-Affaires-Business-Toulouse-680x970px.jpg\" alt=\"Grisby Mag D\u00e9cosignal Nathalie Colomb La Firme R\u00e9seau Affaires Business Toulouse\" width=\"340\" height=\"485\" srcset=\"https:\/\/grisby.news\/wp-content\/uploads\/2022\/01\/Grisby-Mag-Decosignal-Nathalie-Colomb-La-Firme-Reseau-Affaires-Business-Toulouse-680x970px.jpg 680w, https:\/\/grisby.news\/wp-content\/uploads\/2022\/01\/Grisby-Mag-Decosignal-Nathalie-Colomb-La-Firme-Reseau-Affaires-Business-Toulouse-680x970px-210x300.jpg 210w\" sizes=\"(max-width: 340px) 100vw, 340px\" \/><\/a><figcaption id=\"caption-attachment-43\" class=\"wp-caption-text\">Cliquer pour t\u00e9l\u00e9charger le Grisby Mag&rsquo; n\u00b038<\/figcaption><\/figure>\n<p style=\"text-align: left;\">\u00ab Le scrapbooking c\u2019est mignon mais c\u2019est un peu pour les p\u2019tites chattes fragiles. Ici on te sort de la d\u00e9co en mode sulfateuse ! \u00bb<\/p>\n<h3 style=\"text-align: left;\">SUPERDECOSIGNALISTIC&#8230;<\/h3>\n<p style=\"text-align: left;\"><i>Expialidocious !!! Venez d\u00e9couvrir la besace pleine de merveilles de notre Mary Poppins du biz\u2019. De quoi en surprendre plus d\u2019un !<\/i><\/p>\n<p style=\"text-align: left;\">Dans le domaine des femmes s\u00e9vissant dans de l\u2019univers fantastico-sorcello-merveilleux, il y a pas mal de concurrence. Ma Sorci\u00e8re bien-aim\u00e9e, c\u2019est pas mal mais le c\u00f4t\u00e9 femme au foyer faut admettre&#8230; c\u2019est un poil old school. \u00c7a a lanc\u00e9 la mode de mani\u00e8re sympa mais \u00e7a a pris un l\u00e9ger coup de vieux.<br \/>\nCharmed, y\u2019a un c\u00f4t\u00e9 plus sexy et aventuri\u00e8res, mais combattre les d\u00e9mons et autres bestioles c\u2019est un secteur d\u2019expression plus ancr\u00e9 dans le domaine de la gifle et de la baston.<\/p>\n<p style=\"text-align: left;\">Hermione, la bonne pote d\u2019Harry Potter en mode \u00ab je-sais-toujours-tout-et-je-peux-pas-m-empecher-de-ramener-ma-fraise \u00bb connait bien les formules magiques en latino-celte. Ok, elle ma\u00eetrise ! Mais faut reconnaitre qu\u2019elle a une l\u00e8g\u00e8re tendance \u00e0 \u00eatre un tantinet relou par moment.<br \/>\nLes 3 sorci\u00e8res d\u2019Hocus Pocus&#8230; bon l\u00e0, elles, elles sont tr\u00e8s fun mais carr\u00e9ment d\u00e9jant\u00e9es. \u00c7a envoie du sort fa\u00e7on feu d\u2019artifice et elles sont capables de tout, mais faut \u00eatre honn\u00eate\u00a0: elles font un peu flipper !<\/p>\n<p style=\"text-align: left;\">La team dans le domaine est bien fournie et y\u2019a vraiment de quoi faire\u00a0: fun, sympas, mignonnes, barr\u00e9es du bulbe, compl\u00e8tement branques, voire m\u00eame gravement sataniques&#8230; Y\u2019en a vraiment pour tous les go\u00fbts.<\/p>\n<p style=\"text-align: left;\">Non, nous ce qu\u2019il nous faut c\u2019est une pragmatique, une avec une touche de folie mais qui garde les pieds sur terre tout en drivant sa petite affaire avec conviction, passion tout en sachant multiplier les biftons.<\/p>\n<p style=\"text-align: left;\">Et c\u2019est pour \u00e7a que notre championne du mois nous parait beaucoup plus proche techniquement et dans l\u2019esprit d\u2019une Mary Poppins !<br \/>\nPouvant d\u00e9barquer \u00e0 n\u2019importe quel instant dans vos bureaux ou votre salon par surprise tel un tourbillon avec ses multiples accessoires, une valise pleine d\u2019\u00e9chantillons, une farandole de nouveaut\u00e9s surprenantes&#8230;<\/p>\n<p style=\"text-align: left;\">De quoi vous donner plein d\u2019id\u00e9es et agiter vos neurones de business hard worker surmotiv\u00e9 et pr\u00eat \u00e0 tout pour faire briller votre image et toujours \u00eatre l\u00e0 o\u00f9 on ne l\u2019attend pas.<\/p>\n<p style=\"text-align: left;\">Adh\u00e9sif, d\u00e9coration, signal\u00e9tique, impression, film, cover, marquage, b\u00e2che, flocage&#8230; la panoplie est plus que large et le nombre de solutions quasi illimit\u00e9. On n\u2019en est pas encore au n\u00e9on clignotant d\u00e9licieusement p\u00e9tard style Las Vegas mais faites gaffe \u00e0 ne pas la lancer sur le sujet. Bande d\u2019inconscient que vous \u00eates, elle serait capable de vous sortir du tube fluorescent de sa boite de stockage \u00e0 malices en moins de temps qu\u2019il n\u2019en faut \u00e0 Houdini pour faire apparaitre devant vos yeux \u00e9bahis un tigre \u00e0 dents de sabre d\u2019un chapeau haut de forme et de vous le tordre devant vous en direct live pour le fa\u00e7onner de mani\u00e8re \u00e0 avoir un 1er aper\u00e7u de ce que \u00e7a pourrait donner avec votre logo !<\/p>\n<p style=\"text-align: left;\">Niveau \u00ab je touche ma bille en magie pure \u00bb, l\u00e0 on est sur du haut niveau \u00e0 kif-kif avec la lampe d\u2019Aladin. Sauf qu\u2019avec le g\u00e9nie&#8230; tu n\u2019as droit qu\u2019\u00e0 3 voeux !!! \ud83d\ude42<\/p>\n<p>&gt;&gt;&gt; <a href=\"https:\/\/grisby.news\/wp-content\/uploads\/2022\/01\/Grisby-Mag-Decosignal-Nathalie-Colomb-La-Firme-Reseau-Affaires-Business-Toulouse-Janvier22-Num38.pdf\" target=\"_blank\" rel=\"noopener noreferrer\">T\u00e9l\u00e9chargez le Grisby Mag&rsquo; n\u00b038 de janvier 2022<\/a><\/p>\n","protected":false},"excerpt":{"rendered":"<p>NATHALIE COLOMB : D\u00e9cosignal \u00ab Le scrapbooking c\u2019est mignon mais c\u2019est un peu pour les p\u2019tites chattes fragiles. Ici on te sort de la d\u00e9co en mode sulfateuse ! \u00bb SUPERDECOSIGNALISTIC&#8230; Expialidocious !!! Venez d\u00e9couvrir la besace pleine de merveilles de notre Mary Poppins du biz\u2019. De quoi en surprendre plus d\u2019un ! Dans le [&hellip;]<\/p>\n","protected":false},"author":1,"featured_media":0,"parent":36,"menu_order":0,"comment_status":"closed","ping_status":"closed","template":"","meta":[],"_links":{"self":[{"href":"https:\/\/grisby.news\/index.php\/wp-json\/wp\/v2\/pages\/33"}],"collection":[{"href":"https:\/\/grisby.news\/index.php\/wp-json\/wp\/v2\/pages"}],"about":[{"href":"https:\/\/grisby.news\/index.php\/wp-json\/wp\/v2\/types\/page"}],"author":[{"embeddable":true,"href":"https:\/\/grisby.news\/index.php\/wp-json\/wp\/v2\/users\/1"}],"replies":[{"embeddable":true,"href":"https:\/\/grisby.news\/index.php\/wp-json\/wp\/v2\/comments?post=33"}],"version-history":[{"count":9,"href":"https:\/\/grisby.news\/index.php\/wp-json\/wp\/v2\/pages\/33\/revisions"}],"predecessor-version":[{"id":51,"href":"https:\/\/grisby.news\/index.php\/wp-json\/wp\/v2\/pages\/33\/revisions\/51"}],"up":[{"embeddable":true,"href":"https:\/\/grisby.news\/index.php\/wp-json\/wp\/v2\/pages\/36"}],"wp:attachment":[{"href":"https:\/\/grisby.news\/index.php\/wp-json\/wp\/v2\/media?parent=33"}],"curies":[{"name":"wp","href":"https:\/\/api.w.org\/{rel}","templated":true}]}}