{"id":26,"date":"2021-09-23T11:59:12","date_gmt":"2021-09-23T09:59:12","guid":{"rendered":"https:\/\/grisby.news\/?page_id=26"},"modified":"2023-06-30T16:42:54","modified_gmt":"2023-06-30T14:42:54","slug":"grisby-mag","status":"publish","type":"page","link":"https:\/\/grisby.news\/index.php\/grisby-mag\/","title":{"rendered":"Grisby Mag"},"content":{"rendered":"<p>Magazine d\u00e9di\u00e9 aux entrepreneurs avec un objectif simple : accro\u00eetre leur notori\u00e9t\u00e9, leur r\u00e9seau pro et multiplier les affaires de mani\u00e8re totalement juteuse et m\u00eame carr\u00e9ment ind\u00e9cente !<\/p>\n<p>Bon ok, au d\u00e9part, on cherchait \u00e0 se faire plaisir en mettant en avant ceux dont on ne parle pas tant que \u00e7a. Vous savez ces forces vives de la nation dont tout le monde parle mais que l&rsquo;on met pas si souvent \u00e0 l&rsquo;honneur. Alors nous on s&rsquo;est dit que chaque mois on allait s&rsquo;y coller !<\/p>\n<p>Retrouvez donc <strong>chaque mois un nouveau num\u00e9ro <\/strong>du Grisby Mag&rsquo; avec l&rsquo;article consacr\u00e9 \u00e0 notre star du mois. Et en plus, vous trouverez m\u00eame sur chaque page le lien pour braquer la version de ce magazine business d\u00e9jant\u00e9 en .pdf. Gratos en plus&#8230; et l\u00e0 vous vous dites \u00ab\u00a0ok, elle est o\u00f9 l&#8217;embrouille?\u00a0\u00bb. H\u00e9 bien, vous savez quoi, la question elle est vite r\u00e9pondue : y&rsquo;a pas d&#8217;embrouille !!!<\/p>\n<p>Cadeau Bonux ! Alors profitez-en pour vous d\u00e9p\u00eacher de vous pr\u00e9cipiter (ou l&rsquo;inverse) et d\u00e9couvrir le monde de l&rsquo;entrepreneuriat viteuf&rsquo; avant qu&rsquo;on ne change d&rsquo;avis \ud83d\ude09<\/p>\n<ul>\n<li><a href=\"https:\/\/grisby.news\/index.php\/grisby-mag\/grisby-mag-2023\/grisby-mag-52\/\">Grisby Mag&rsquo; n\u00b052 &#8211; Summer 2023<\/a><\/li>\n<li><a href=\"https:\/\/grisby.news\/index.php\/grisby-mag\/grisby-mag-2023\/grisby-mag-51\/\">Grisby Mag&rsquo; n\u00b051 &#8211; Avril 2023<\/a><\/li>\n<li><a href=\"https:\/\/grisby.news\/index.php\/grisby-mag\/grisby-mag-2023\/grisby-mag-50\/\">Grisby Mag&rsquo; n\u00b050 &#8211; Mars 2023<\/a><\/li>\n<li><a href=\"https:\/\/grisby.news\/index.php\/grisby-mag\/grisby-mag-2023\/grisby-mag-49\/\">Grisby Mag&rsquo; n\u00b049 &#8211; F\u00e9vrier 2023<\/a><\/li>\n<li><a href=\"https:\/\/grisby.news\/index.php\/grisby-mag\/grisby-mag-2023\/grisby-mag-48\/\">Grisby Mag&rsquo; n\u00b048 &#8211; Janvier 2023<\/a><\/li>\n<li><a href=\"https:\/\/grisby.news\/index.php\/grisby-mag\/grisby-mag-2023\/grisby-mag-47\/\">Grisby Mag&rsquo; n\u00b047 &#8211; D\u00e9cembre 2022<\/a><\/li>\n<li><a href=\"https:\/\/grisby.news\/index.php\/grisby-mag\/grisby-mag-2023\/grisby-mag-46\/\">Grisby Mag&rsquo; n\u00b046 &#8211; Novembre 2022<\/a><\/li>\n<li><a href=\"https:\/\/grisby.news\/index.php\/grisby-mag\/grisby-mag-2023\/grisby-mag-45\/\">Grisby Mag&rsquo; n\u00b045 &#8211; Octobre 2022<\/a><\/li>\n<li><a href=\"https:\/\/grisby.news\/index.php\/grisby-mag\/grisby-mag-2023\/grisby-mag-44\/\">Grisby Mag&rsquo; n\u00b044 &#8211; Summer 2022<\/a><\/li>\n<li><a href=\"https:\/\/grisby.news\/index.php\/grisby-mag\/grisby-mag-2023\/grisby-mag-43\/\">Grisby Mag&rsquo; n\u00b043 &#8211; Juin 2022<\/a><\/li>\n<li><a href=\"https:\/\/grisby.news\/index.php\/grisby-mag\/grisby-mag-2023\/grisby-mag-42\/\">Grisby Mag&rsquo; n\u00b042 &#8211; Mai 2022<\/a><\/li>\n<li><a href=\"https:\/\/grisby.news\/index.php\/grisby-mag\/grisby-mag-2023\/grisby-mag-41\/\">Grisby Mag&rsquo; n\u00b041 &#8211; Avril 2022<\/a><\/li>\n<li><a href=\"https:\/\/grisby.news\/index.php\/grisby-mag\/grisby-mag-2023\/grisby-mag-40\/\">Grisby Mag&rsquo; n\u00b040 &#8211; Mars 2022<\/a><\/li>\n<li><a href=\"https:\/\/grisby.news\/index.php\/grisby-mag\/grisby-mag-2022\/grisby-mag-39\/\">Grisby Mag&rsquo; n\u00b039 &#8211; F\u00e9vrier 2022<\/a><\/li>\n<li><a href=\"https:\/\/grisby.news\/index.php\/grisby-mag\/grisby-mag-2022\/grisby-mag-38\/\">Grisby Mag&rsquo; n\u00b038 &#8211; Janvier 2022<\/a><\/li>\n<\/ul>\n","protected":false},"excerpt":{"rendered":"<p>Magazine d\u00e9di\u00e9 aux entrepreneurs avec un objectif simple : accro\u00eetre leur notori\u00e9t\u00e9, leur r\u00e9seau pro et multiplier les affaires de mani\u00e8re totalement juteuse et m\u00eame carr\u00e9ment ind\u00e9cente ! Bon ok, au d\u00e9part, on cherchait \u00e0 se faire plaisir en mettant en avant ceux dont on ne parle pas tant que \u00e7a. Vous savez ces forces [&hellip;]<\/p>\n","protected":false},"author":1,"featured_media":0,"parent":0,"menu_order":0,"comment_status":"closed","ping_status":"closed","template":"","meta":[],"_links":{"self":[{"href":"https:\/\/grisby.news\/index.php\/wp-json\/wp\/v2\/pages\/26"}],"collection":[{"href":"https:\/\/grisby.news\/index.php\/wp-json\/wp\/v2\/pages"}],"about":[{"href":"https:\/\/grisby.news\/index.php\/wp-json\/wp\/v2\/types\/page"}],"author":[{"embeddable":true,"href":"https:\/\/grisby.news\/index.php\/wp-json\/wp\/v2\/users\/1"}],"replies":[{"embeddable":true,"href":"https:\/\/grisby.news\/index.php\/wp-json\/wp\/v2\/comments?post=26"}],"version-history":[{"count":9,"href":"https:\/\/grisby.news\/index.php\/wp-json\/wp\/v2\/pages\/26\/revisions"}],"predecessor-version":[{"id":215,"href":"https:\/\/grisby.news\/index.php\/wp-json\/wp\/v2\/pages\/26\/revisions\/215"}],"wp:attachment":[{"href":"https:\/\/grisby.news\/index.php\/wp-json\/wp\/v2\/media?parent=26"}],"curies":[{"name":"wp","href":"https:\/\/api.w.org\/{rel}","templated":true}]}}