{"id":23,"date":"2021-09-23T11:55:30","date_gmt":"2021-09-23T09:55:30","guid":{"rendered":"https:\/\/grisby.news\/?page_id=23"},"modified":"2021-09-23T11:55:30","modified_gmt":"2021-09-23T09:55:30","slug":"mentions-legales","status":"publish","type":"page","link":"https:\/\/grisby.news\/index.php\/mentions-legales\/","title":{"rendered":"Mentions l\u00e9gales"},"content":{"rendered":"<p>Mentions l\u00e9gales de La Firme, club d\u00e9di\u00e9 aux entrepreneurs toulousains !<\/p>\n<h3>Les mentions l\u00e9gales de La Firme, entreprise d\u00e9di\u00e9e au d\u00e9veloppement d&rsquo;affaires<\/h3>\n<h3>1 &#8211; Pr\u00e9sentation du site.<\/h3>\n<p>Ce site est la propri\u00e9t\u00e9 de la soci\u00e9t\u00e9 La Firme, dont le si\u00e8ge social est situ\u00e9 \u00e0 38, rue Gabriel P\u00e9ri 31000 Toulouse.<br \/> T\u00e9l\u00e9phone 06 73 29 90 67.<\/p>\n<p>Le Directeur de la publication du site Dieu, g\u00e9rant.<br \/> Capital social s\u2019\u00e9levant \u00e0 10 000.00\u20ac.<br \/> Num\u00e9ro SIRET ou SIREN de l\u2019\u00e9tablissement : 815 095 427.<\/p>\n<p>Le prestataire assurant l&rsquo;h\u00e9bergement du site ainsi que le stockage des informations est la soci\u00e9t\u00e9 OVH :<br \/> OVH SAS : 2 rue Kellermann \u2013 BP 80157 59053 ROUBAIX CEDEX 1<br \/> La cr\u00e9ation graphique du site a \u00e9t\u00e9 r\u00e9alis\u00e9e par la Firme.<\/p>\n<h3>2 &#8211; Conditions d&rsquo;utilisation du site<\/h3>\n<p>Les pr\u00e9sentes conditions d\u2019utilisation, seront modifiables \u00e0 tout moment par La Firme, sous r\u00e9serves que vous vous engagiez \u00e0 les respecter.<\/p>\n<p>Toutes les informations sur le site sont donn\u00e9es \u00e0 titre indicatif, elles sont susceptibles d\u2019\u00e9voluer et d\u2019\u00eatre modifi\u00e9es ; les informations figurant sur le site https:\/\/www.lafirme.ovh\/ ne sont pas exhaustives.<\/p>\n<p>La Firme, s\u2019efforce de fournir sur le site des informations \u00e0 jours, et pr\u00e9cises.<\/p>\n<p>La soci\u00e9t\u00e9 La Firme, de ce fait ne pourra \u00eatre tenue responsable des inexactitudes et des oublis dans la mise \u00e0 jour, caus\u00e9 de son fait ou du fait des tiers partenaires qui lui transmettent ces informations.<\/p>\n<h3>3 &#8211; Description des services fournis.<\/h3>\n<p>Le site https:\/\/www.lafirme.ovh\/ a pour objet de fournir une information concernant l\u2019ensemble des activit\u00e9s de la soci\u00e9t\u00e9.<br \/> La Firme s\u2019efforce de fournir sur le site https:\/\/www.lafirme.ovh\/ des informations aussi pr\u00e9cises que possible. Toutefois, il ne pourra \u00eatre tenue responsable des omissions, des inexactitudes et des carences dans la mise \u00e0 jour, qu\u2019elles soient de son fait ou du fait des tiers partenaires qui lui fournissent ces informations.<\/p>\n<p>Tous les informations indiqu\u00e9es sur le site https:\/\/www.lafirme.ovh\/ sont donn\u00e9es \u00e0 titre indicatif, et sont susceptibles d\u2019\u00e9voluer. Par ailleurs, les renseignements figurant sur le site https:\/\/www.lafirme.ovh\/ ne sont pas exhaustifs. Ils sont donn\u00e9s sous r\u00e9serve de modifications ayant \u00e9t\u00e9 apport\u00e9es depuis leur mise en ligne.<\/p>\n<h3>4 &#8211; Propri\u00e9t\u00e9 intellectuelle et contrefa\u00e7on<\/h3>\n<p>La Firme, d\u00e9tient les droits d\u2019usage sur tous les \u00e9l\u00e9ments accessibles sur le site, notamment les textes, images, graphismes, logo, ic\u00f4nes, sons, logiciels.<br \/> Quel que soit le moyen ou le proc\u00e9d\u00e9 utilis\u00e9, pour une reproduction, repr\u00e9sentation, modification, publication, adaptation de tout ou partie des \u00e9l\u00e9ments du site, est interdite, sauf autorisation \u00e9crite pr\u00e9alable de la part de La Firme.<br \/> Conform\u00e9ment aux dispositions des articles L.335-2 et suivants du Code de Propri\u00e9t\u00e9 Intellectuelle, toute exploitation non autoris\u00e9e du site ou de l\u2019un des \u00e9l\u00e9ments qu\u2019il contient sera consid\u00e9r\u00e9e comme constitutive d\u2019une contrefa\u00e7on et sera poursuivie.<\/p>\n<h3>5 \u2013 Gestion des donn\u00e9es personnelles<\/h3>\n<p>La soci\u00e9t\u00e9 La Firme s\u2019engage \u00e0 maintenir vos donn\u00e9es personnelles confidentielles ; En France, vos donn\u00e9es personnelles sont prot\u00e9g\u00e9es par les lois suivantes :<br \/> La loi n\u00b0 78-87 du 6 janvier 1978 modifi\u00e9e,<br \/> La loi n\u00b0 2004-801 du 6 ao\u00fbt 2004, <br \/> L&rsquo;article L. 226-13 du Code p\u00e9nal et la Directive Europ\u00e9enne du 24 octobre 1995.<\/p>\n<p>Conform\u00e9ment \u00e0 la loi n\u00b0 78-17 du 6 janvier 1978 modifi\u00e9e, vous pouvez \u00e0 tout moment avoir acc\u00e8s \u00e0 vos donn\u00e9es personnelles vous concernant et d\u00e9tenues par La Firme, et ainsi de rectifier et de supprimer des donn\u00e9es vous concernant.<\/p>\n<h3>6 \u2013 Limitations de responsabilit\u00e9<\/h3>\n<p>Lors de l\u2019acc\u00e8s au site internet https:\/\/www.lafirme.ovh\/ La Firme ne pourra \u00eatre tenue responsable des dommages directs et indirects qui seront caus\u00e9s au mat\u00e9riel de l\u2019utilisateur, et r\u00e9sultant de l\u2019utilisation d\u2019un mat\u00e9riel ne r\u00e9pondant pas aux sp\u00e9cifications indiqu\u00e9es au point 5, de l\u2019apparition d\u2019un bug ou d\u2019une incompatibilit\u00e9.<br \/> L\u2019espace interactif \u00ab CONTACT \u00bb est \u00e0 la disposition de l\u2019utilisateur. Tout contenu d\u00e9pos\u00e9 dans cet espace qui contreviendrait \u00e0 la l\u00e9gislation applicable en France, en particulier aux dispositions relatives \u00e0 la protection des donn\u00e9es, seront sans mise en demeure pr\u00e9alable supprim\u00e9es par La Firme.<br \/> En cas de message \u00e0 caract\u00e8re raciste, injurieux, diffamant, ou pornographique, quel que soit le support utilis\u00e9 (texte, photographie\u2026). La Firme se r\u00e9servera \u00e9galement la possibilit\u00e9 de mettre en cause la responsabilit\u00e9 civile et\/ou p\u00e9nale de l\u2019utilisateur.<\/p>\n<h3>7 &#8211; Liens hypertextes et cookies<\/h3>\n<p>Toute personne voulant \u00e9tablir un lien des liens vers ce site est libre de le faire, tant que cela ne porte pas atteinte \u00e0 l\u2019image de son \u00e9diteur.<br \/> Ces liens sont autoris\u00e9s sous le format HTML, PHP et XML.<br \/> Tous liens au format PDF, DOC, RTF est prohib\u00e9, ces formats ne permettant pas de prendre connaissance des pr\u00e9sentes conditions d\u2019utilisations.<br \/> La navigation sur le site https:\/\/www.lafirme.ovh\/, provoquera automatiquement l\u2019installation de cookie(s) sur l\u2019ordinateur utilis\u00e9.<br \/> Un cookie est un petit fichier, qui ne permet en aucun cas l\u2019identification de l\u2019utilisateur, mais qui enregistrera les informations relatives \u00e0 la navigation d\u2019un ordinateur sur un site ; les donn\u00e9es obtenus, faciliteront la navigation ult\u00e9rieure sur le site, et ont vocation \u00e0 permettre diverses mesures de fr\u00e9quentation.<br \/> Si, vous \u00e9mettez un refus d\u2019installation d\u2019un cookie, cela peut entra\u00eener l\u2019impossibilit\u00e9 d\u2019acc\u00e9der \u00e0 certains de nos services.<\/p>\n<h3>8 &#8211; Droit applicable et attribution de juridiction.<\/h3>\n<p>Tout litige en relation avec l\u2019utilisation du site https:\/\/www.lafirme.ovh\/ est soumis au droit fran\u00e7ais. Il est fait attribution exclusive de juridiction aux tribunaux comp\u00e9tents de Paris.<\/p>\n<h3>9 &#8211; Les principales lois concern\u00e9es.<\/h3>\n<p>Loi n\u00b0 78-17 du 6 janvier 1978, notamment modifi\u00e9e par la loi n\u00b0 2004-801 du 6 ao\u00fbt 2004 relative \u00e0 l&rsquo;informatique, aux fichiers et aux libert\u00e9s.<br \/> Loi n\u00b0 2004-575 du 21 juin 2004 pour la confiance dans l&rsquo;\u00e9conomie num\u00e9rique.<\/p>\n<h3>10 &#8211; Lexique.<\/h3>\n<p>Utilisateur : Internaute se connectant, utilisant le site susnomm\u00e9.<br \/> Informations personnelles : \u00ab les informations qui permettent, sous quelque forme que ce soit, directement ou non, l&rsquo;identification des personnes physiques auxquelles elles s&rsquo;appliquent \u00bb (article 4 de la loi n\u00b0 78-17 du 6 janvier 1978).<\/p>\n","protected":false},"excerpt":{"rendered":"<p>Mentions l\u00e9gales de La Firme, club d\u00e9di\u00e9 aux entrepreneurs toulousains ! Les mentions l\u00e9gales de La Firme, entreprise d\u00e9di\u00e9e au d\u00e9veloppement d&rsquo;affaires 1 &#8211; Pr\u00e9sentation du site. Ce site est la propri\u00e9t\u00e9 de la soci\u00e9t\u00e9 La Firme, dont le si\u00e8ge social est situ\u00e9 \u00e0 38, rue Gabriel P\u00e9ri 31000 Toulouse. T\u00e9l\u00e9phone 06 73 29 90 [&hellip;]<\/p>\n","protected":false},"author":1,"featured_media":0,"parent":0,"menu_order":0,"comment_status":"closed","ping_status":"closed","template":"","meta":[],"_links":{"self":[{"href":"https:\/\/grisby.news\/index.php\/wp-json\/wp\/v2\/pages\/23"}],"collection":[{"href":"https:\/\/grisby.news\/index.php\/wp-json\/wp\/v2\/pages"}],"about":[{"href":"https:\/\/grisby.news\/index.php\/wp-json\/wp\/v2\/types\/page"}],"author":[{"embeddable":true,"href":"https:\/\/grisby.news\/index.php\/wp-json\/wp\/v2\/users\/1"}],"replies":[{"embeddable":true,"href":"https:\/\/grisby.news\/index.php\/wp-json\/wp\/v2\/comments?post=23"}],"version-history":[{"count":1,"href":"https:\/\/grisby.news\/index.php\/wp-json\/wp\/v2\/pages\/23\/revisions"}],"predecessor-version":[{"id":24,"href":"https:\/\/grisby.news\/index.php\/wp-json\/wp\/v2\/pages\/23\/revisions\/24"}],"wp:attachment":[{"href":"https:\/\/grisby.news\/index.php\/wp-json\/wp\/v2\/media?parent=23"}],"curies":[{"name":"wp","href":"https:\/\/api.w.org\/{rel}","templated":true}]}}