{"id":204,"date":"2023-06-30T16:29:23","date_gmt":"2023-06-30T14:29:23","guid":{"rendered":"https:\/\/grisby.news\/?page_id=204"},"modified":"2023-06-30T16:31:40","modified_gmt":"2023-06-30T14:31:40","slug":"grisby-mag-52","status":"publish","type":"page","link":"https:\/\/grisby.news\/index.php\/grisby-mag\/grisby-mag-2023\/grisby-mag-52\/","title":{"rendered":"Grisby Mag #52"},"content":{"rendered":"<h2 style=\"text-align: center;\">Num\u00e9ro 52<\/h2>\n<figure id=\"attachment_201\" aria-describedby=\"caption-attachment-201\" style=\"width: 340px\" class=\"wp-caption aligncenter\"><a href=\"https:\/\/grisby.news\/wp-content\/uploads\/2023\/06\/Grisby-Mag-La-Guilde-Laurent-Casado-La-Firme-Reseau-Affaires-Business-Lyon-Summer23-Num52.pdf\" target=\"_blank\" rel=\"noopener noreferrer\"><img loading=\"lazy\" class=\"wp-image-201\" src=\"https:\/\/grisby.news\/wp-content\/uploads\/2023\/06\/52-Grisby-Mag-La-Guilde-Laurent-Casado-La-Firme-Reseau-Affaires-Business-Lyon-680x970px.jpg\" alt=\"Grisby Magazine Business La Guilde Laurent Casado La Firme R\u00e9seau Affaires Lyon\" width=\"340\" height=\"485\" srcset=\"https:\/\/grisby.news\/wp-content\/uploads\/2023\/06\/52-Grisby-Mag-La-Guilde-Laurent-Casado-La-Firme-Reseau-Affaires-Business-Lyon-680x970px.jpg 680w, https:\/\/grisby.news\/wp-content\/uploads\/2023\/06\/52-Grisby-Mag-La-Guilde-Laurent-Casado-La-Firme-Reseau-Affaires-Business-Lyon-680x970px-210x300.jpg 210w\" sizes=\"(max-width: 340px) 100vw, 340px\" \/><\/a><figcaption id=\"caption-attachment-201\" class=\"wp-caption-text\">&gt;&gt;&gt; Clique sur l&rsquo;image pour t\u00e9l\u00e9charger le Mag&rsquo; n\u00b052<\/figcaption><\/figure>\n<p style=\"text-align: left;\">\u00ab <i>Les \u00e9checs c\u2019est le kiff\u2019 ! <\/i><i>Tu peux transposer certains coups de ma\u00eetre <\/i><i>dans la vraie vie et surtout au boulot. <\/i>\u00bb<\/p>\n<h3 style=\"text-align: left;\">47&#8230; Fh3 !!<\/h3>\n<p style=\"text-align: left;\">\u00ab Manque de main-d\u2019oeuvre ? Dans le secteur de la construction&#8230;? J\u2019te savais blagueur, un tantinet taquin, voire plaisantin au 1er kawa du p\u2019ti matin, mais l\u00e0 j\u2019ai quand m\u00eame bien l\u2019impression que tu cherches rien de moins qu\u2019\u00e0 bien niaiser d\u00e8s potron-minet. Tu plaisantes ou quoi ? Trouver du biceps muscl\u00e9 et du cerveau aff\u00fbt\u00e9 pour aller se farcir joyeusement du chantier c\u2019est un jeu d\u2019enfant, surtout en ce moment voyons.<\/p>\n<p class=\"p1\">Tout le monde sait qu\u2019il suffit de faire le pied de grue devant le PMU du coin, celui de Robert dit \u00ab B\u00e9ber la ficelle \u00bb pour les intimes, l\u00e0 o\u00f9 Jean-Marcel il a palp\u00e9 un Keno gagnant \u00e0 236 balles la semaine derni\u00e8re &#8211; mouais, il a toujours eu le boule bord\u00e9 de nouilles celui-l\u00e0 &#8211; ce qui lui a permis de claquer des jantes alus flambant neuves sur sa magnifique Fuego GTI mauve de 87.<span class=\"Apple-converted-space\">\u00a0<\/span><\/p>\n<p class=\"p1\">Et puis tu vas en avoir du lascar comp\u00e9tent ! Pas genre celui qui d\u00e9barque dans le secteur telle une bleusaille comme il aurait pu d\u00e9barquer \u00e0 la piscine municipale, maillot de bain rouge \u00e0 pois avec le paquet de Gitanes ma\u00efs sans filtre bien cal\u00e9 par la cordelette, pour postuler comme ma\u00eetre-nageur sauveteur. Alors que le gars, avec le physique d\u2019athl\u00e8te de celui qui passe sa journ\u00e9e \u00e0 enquiller des canons tout en lisant Tierc\u00e9 Mag\u2019, analysant les stats pour tenter de deviner qui va finir plac\u00e9 dans la 5\u00e8me \u00e0 Longchamp, est \u00e0 peine capable de traverser le p\u00e9diluve sans finir en overdose d\u2019acide lactique. \u00bb<\/p>\n<p class=\"p1\">Bon on est d\u2019acccord&#8230; Cette tirade improbable rapport\u00e9e par nos reporters de terrain \u00e0 l\u2019embauche nous donne une bonne id\u00e9e des billeves\u00e9es que l\u2019on peut encore entendre parfois. Ceux qui pensent que trouver facilement du bon profil \u00e0 recruter sont vraiment \u00e0 c\u00f4t\u00e9 de la plaque de cuisson. L\u2019\u00e9poque a chang\u00e9 et parfois y\u2019aurait largement de quoi \u00ab bouffer la feuille \u00bb de chantier comme disent nos amis de La Guilde !<\/p>\n<p class=\"p1\">H\u00e9 oui, car c\u2019est l\u00e0 que notre star du mois Laurent, strat\u00e8ge \u00e9chiqu\u00e9en passionn\u00e9, intervient avec sa fine \u00e9quipe pour te d\u00e9patouiller la situation et te d\u00e9tendre tes p\u2019tis nerfs tout tendus par tant de contrari\u00e9t\u00e9s. <span class=\"Apple-converted-space\">\u00a0<\/span>D\u00e9nicher et muscler de la comp\u00e9tence en local, c\u2019est son truc ! Amateur d\u2019une ambiance conviviale, La Guilde reprend les codes de la commu \u00e0 l\u2019ancienne et les applique dans le game d\u2019aujourd\u2019hui.<\/p>\n<p class=\"p1\">Sp\u00e9cialis\u00e9e dans les probl\u00e9matiques RH des entreprises du b\u00e2timent : recrutement en CDI, externalisation, formation\u2026 l\u2019objectif est de maintenir les valeurs du BTP et l\u2019attractivit\u00e9 de ce secteur en mati\u00e8re d\u2019emploi tout en cr\u00e9ant une r\u00e9elle communaut\u00e9 d\u2019acteurs partenaires dans le secteur du b\u00e2timent. Adepte de la m\u00e9thode immersive, Laurent est toujours pr\u00eat \u00e0 aller serrer avec joie et enthousiasme de la paluche rugueuse.<\/p>\n<p class=\"p1\">Apr\u00e8s, si tu vois pas l\u2019int\u00e9r\u00eat de lui passer un coup d\u2019bigo&#8230; tu peux toujours tenter ta chance chez B\u00e9ber !<\/p>\n<p class=\"p1\">&gt;&gt;&gt; <a href=\"https:\/\/grisby.news\/wp-content\/uploads\/2023\/06\/Grisby-Mag-La-Guilde-Laurent-Casado-La-Firme-Reseau-Affaires-Business-Lyon-Summer23-Num52.pdf\" target=\"_blank\" rel=\"noopener noreferrer\">T\u00e9l\u00e9chargez le Grisby Mag&rsquo; n\u00b052 &#8211; \u00e9dition Summer 2023<\/a><\/p>\n","protected":false},"excerpt":{"rendered":"<p>Num\u00e9ro 52 \u00ab Les \u00e9checs c\u2019est le kiff\u2019 ! Tu peux transposer certains coups de ma\u00eetre dans la vraie vie et surtout au boulot. \u00bb 47&#8230; Fh3 !! \u00ab Manque de main-d\u2019oeuvre ? Dans le secteur de la construction&#8230;? J\u2019te savais blagueur, un tantinet taquin, voire plaisantin au 1er kawa du p\u2019ti matin, mais l\u00e0 [&hellip;]<\/p>\n","protected":false},"author":1,"featured_media":0,"parent":78,"menu_order":0,"comment_status":"closed","ping_status":"closed","template":"","meta":[],"_links":{"self":[{"href":"https:\/\/grisby.news\/index.php\/wp-json\/wp\/v2\/pages\/204"}],"collection":[{"href":"https:\/\/grisby.news\/index.php\/wp-json\/wp\/v2\/pages"}],"about":[{"href":"https:\/\/grisby.news\/index.php\/wp-json\/wp\/v2\/types\/page"}],"author":[{"embeddable":true,"href":"https:\/\/grisby.news\/index.php\/wp-json\/wp\/v2\/users\/1"}],"replies":[{"embeddable":true,"href":"https:\/\/grisby.news\/index.php\/wp-json\/wp\/v2\/comments?post=204"}],"version-history":[{"count":3,"href":"https:\/\/grisby.news\/index.php\/wp-json\/wp\/v2\/pages\/204\/revisions"}],"predecessor-version":[{"id":207,"href":"https:\/\/grisby.news\/index.php\/wp-json\/wp\/v2\/pages\/204\/revisions\/207"}],"up":[{"embeddable":true,"href":"https:\/\/grisby.news\/index.php\/wp-json\/wp\/v2\/pages\/78"}],"wp:attachment":[{"href":"https:\/\/grisby.news\/index.php\/wp-json\/wp\/v2\/media?parent=204"}],"curies":[{"name":"wp","href":"https:\/\/api.w.org\/{rel}","templated":true}]}}