{"id":152,"date":"2023-04-04T17:08:18","date_gmt":"2023-04-04T15:08:18","guid":{"rendered":"https:\/\/grisby.news\/?page_id=152"},"modified":"2023-04-04T17:45:35","modified_gmt":"2023-04-04T15:45:35","slug":"grisby-mag-47","status":"publish","type":"page","link":"https:\/\/grisby.news\/index.php\/grisby-mag\/grisby-mag-2022\/grisby-mag-47\/","title":{"rendered":"Grisby Mag #47"},"content":{"rendered":"<h2 style=\"text-align: center;\">Jean-Philippe Magne &#8211; La Firme Bordeaux<\/h2>\n<figure id=\"attachment_137\" aria-describedby=\"caption-attachment-137\" style=\"width: 340px\" class=\"wp-caption aligncenter\"><a href=\"https:\/\/grisby.news\/wp-content\/uploads\/2023\/04\/47-GRISBY-Mag-Key-Vox-JP-Magne-La-Firme-Bordeaux-Reseau-Affaires-Business-Toulouse-Decembre22.pdf\" target=\"_blank\" rel=\"noopener noreferrer\"><img loading=\"lazy\" class=\"wp-image-137\" src=\"https:\/\/grisby.news\/wp-content\/uploads\/2023\/04\/47-Grisby-Mag-JP-Magne-Keyvox-La-Firme-Reseau-Affaires-Business-Toulouse-680x970px.jpg\" alt=\"Grisby Mag 47 Magazine Business La Firme R\u00e9seau Affaires Toulouse\" width=\"340\" height=\"485\" srcset=\"https:\/\/grisby.news\/wp-content\/uploads\/2023\/04\/47-Grisby-Mag-JP-Magne-Keyvox-La-Firme-Reseau-Affaires-Business-Toulouse-680x970px.jpg 680w, https:\/\/grisby.news\/wp-content\/uploads\/2023\/04\/47-Grisby-Mag-JP-Magne-Keyvox-La-Firme-Reseau-Affaires-Business-Toulouse-680x970px-210x300.jpg 210w\" sizes=\"(max-width: 340px) 100vw, 340px\" \/><\/a><figcaption id=\"caption-attachment-137\" class=\"wp-caption-text\">Cliquez sur l&rsquo;image pour t\u00e9l\u00e9charger !<\/figcaption><\/figure>\n<p style=\"text-align: left;\">\u00ab Je m\u2019\u00e9nerve pas, j\u2019explique juste que le 1er qui ne traite pas son d\u00e9brief&rsquo;, je le chiffonne fa\u00e7on compact\u00e9e pour le caler dans une boule \u00e0 neige ! \u00bb<\/p>\n<h3 style=\"text-align: left;\">BOURRE-PIFS &amp; CANEL\u00c9S FOURR\u00c9S !<\/h3>\n<p style=\"text-align: left;\">OK, on vous l\u2019accorde&#8230; Grimer notre star du mois en Grinch est plut\u00f4t fac\u00e9tieux de notre part ! Certains nous diront que franchement \u00e7a correspond pas au bonhomme parce qu\u2019il n\u2019est pas du tout du genre grincheux et m\u00eame bien au contraire. C\u2019est tout \u00e0 fait vrai, mais on avait de bonnes raisons de le faire : d\u2019abord c\u2019est No\u00ebl, et puis surtout&#8230; \u00e7a nous faisait trop marrer !<\/p>\n<p style=\"text-align: left;\">On oeuvre pr\u00e9sentement dans l\u2019art du contre-pied (les amateurs de ballon rond appr\u00e9cieront cette subtile analogie sportive) mais en m\u00eame temps, derri\u00e8re sa coolitude naturelle notre \u00ab Jean-Finch \u00bb n\u2019est pas le dernier \u00e0 l\u00e2cher de l\u2019espi\u00e8glerie quand l\u2019occasion se pr\u00e9sente. Il faut le voir dans les soir\u00e9es business, \u00e0 jouer des coudes et bousculer les g\u00eanants sur son chemin pour aller taquiner les bonnes paluches. Le r\u00e9seau est un sport de contact est ce n\u2019est pas en jouant au timide que l\u2019on se fait une place de choix dans le game.<\/p>\n<p style=\"text-align: left;\">Et on va clairement pas vous dire qu\u2019il n\u2019a pas la malicieuse envie de se faire un p\u2019ti plaisir de temps en temps en balancant de la punch line cisel\u00e9e, voire m\u00eame du bourre-pif bien plac\u00e9, juste histoire d\u2019\u00e9parpiller les \u00e9ventuels malfaisants fa\u00e7on puzzle si jamais ceux-ci venaient \u00e0 jouer un tantinet trop les f\u00e2cheux. Le monde du business est rude et il faut savoir \u00eatre percutant. Comme dirait l\u2019immense philosophe Jim Carrey : \u00ab Il faut d\u00e9vorer le canel\u00e9 avant que le canel\u00e9 te becte ! \u00bb<\/p>\n<p style=\"text-align: left;\">D\u2019ailleurs, \u00eatre percutant c\u2019est l\u2019une de ses sp\u00e9cialit\u00e9s : gr\u00e2ce \u00e0 son grade de Ma\u00eetre Jedi 15\u00e8me dan dans l\u2019art du fameux exercice du \u00ab Pitching \u00bb. Vous voyez, ce moment tant redout\u00e9 en r\u00e9seau o\u00f9 l\u2019on joue toute sa vie et son business sur quelques secondes pendant lesquelles on doit envoyer du gros steack sans trembler&#8230;! Donc, vous l\u2019aurez compris, avec toutes ces qualit\u00e9s quasi surnaturelles il \u00e9tait \u00e9vident que notre Tony Montana local se retrouve avec dans le creux de ses mimines les cl\u00e9s du camion de La Firme \u00e0 Bordeaux.<\/p>\n<p style=\"text-align: left;\">Et on peut vous dire qu\u2019il en faut pour se tailler la part du pangolin l\u00e0-bas. Nous les Toulousains on est bien au courant que ces indig\u00e8nes ne sont pas toujours des plus commodes. Heureusement que la ville est jolie et qu\u2019ils disent \u00ab Chocolatine \u00bb, ce qui permet \u00e0 nos yeux de sauver en partie leur cas !<\/p>\n<p style=\"text-align: left;\">Mais toute l\u2019habilet\u00e9 du loustic r\u00e9side certes dans sa connaissance et capacit\u00e9 d\u2019adaptation sur le terrain novelo-aquitain, mais aussi et surtout dans sa facult\u00e9 \u00e0 d\u00e9clencher du taquet par surprise quand le pitch n\u2019est pas nickel ! \u00c7a marche aussi pour le serrage de pattes, l\u2019\u00e9change de cartes&#8230; en gros, tout ce qui permet de r\u00e9seauter de mani\u00e8re efficace et de g\u00e9n\u00e9rer en bout de chaine du cash bien frais !<\/p>\n<p style=\"text-align: left;\">Alors attention Bordeaux, vous \u00eates pr\u00e9venus : il va falloir assurer sinon le \u00ab Jean-Finch \u00bb va g\u00e9rer en perso votre dossier et \u00e7a risque de piquer !<\/p>\n<p>&gt;&gt;&gt; <a href=\"https:\/\/grisby.news\/wp-content\/uploads\/2023\/04\/47-GRISBY-Mag-Key-Vox-JP-Magne-La-Firme-Bordeaux-Reseau-Affaires-Business-Toulouse-Decembre22.pdf\" target=\"_blank\" rel=\"noopener noreferrer\">T\u00e9l\u00e9chargez le Grisby Mag&rsquo; n\u00b047 de d\u00e9cembre 2022<\/a><\/p>\n","protected":false},"excerpt":{"rendered":"<p>Jean-Philippe Magne &#8211; La Firme Bordeaux \u00ab Je m\u2019\u00e9nerve pas, j\u2019explique juste que le 1er qui ne traite pas son d\u00e9brief&rsquo;, je le chiffonne fa\u00e7on compact\u00e9e pour le caler dans une boule \u00e0 neige ! \u00bb BOURRE-PIFS &amp; CANEL\u00c9S FOURR\u00c9S ! OK, on vous l\u2019accorde&#8230; Grimer notre star du mois en Grinch est plut\u00f4t fac\u00e9tieux [&hellip;]<\/p>\n","protected":false},"author":1,"featured_media":0,"parent":36,"menu_order":0,"comment_status":"closed","ping_status":"closed","template":"","meta":[],"_links":{"self":[{"href":"https:\/\/grisby.news\/index.php\/wp-json\/wp\/v2\/pages\/152"}],"collection":[{"href":"https:\/\/grisby.news\/index.php\/wp-json\/wp\/v2\/pages"}],"about":[{"href":"https:\/\/grisby.news\/index.php\/wp-json\/wp\/v2\/types\/page"}],"author":[{"embeddable":true,"href":"https:\/\/grisby.news\/index.php\/wp-json\/wp\/v2\/users\/1"}],"replies":[{"embeddable":true,"href":"https:\/\/grisby.news\/index.php\/wp-json\/wp\/v2\/comments?post=152"}],"version-history":[{"count":6,"href":"https:\/\/grisby.news\/index.php\/wp-json\/wp\/v2\/pages\/152\/revisions"}],"predecessor-version":[{"id":182,"href":"https:\/\/grisby.news\/index.php\/wp-json\/wp\/v2\/pages\/152\/revisions\/182"}],"up":[{"embeddable":true,"href":"https:\/\/grisby.news\/index.php\/wp-json\/wp\/v2\/pages\/36"}],"wp:attachment":[{"href":"https:\/\/grisby.news\/index.php\/wp-json\/wp\/v2\/media?parent=152"}],"curies":[{"name":"wp","href":"https:\/\/api.w.org\/{rel}","templated":true}]}}