{"id":150,"date":"2023-04-04T17:07:17","date_gmt":"2023-04-04T15:07:17","guid":{"rendered":"https:\/\/grisby.news\/?page_id=150"},"modified":"2023-04-05T10:05:38","modified_gmt":"2023-04-05T08:05:38","slug":"grisby-mag-46","status":"publish","type":"page","link":"https:\/\/grisby.news\/index.php\/grisby-mag\/grisby-mag-2022\/grisby-mag-46\/","title":{"rendered":"Grisby Mag #46"},"content":{"rendered":"<h2 style=\"text-align: center;\">St\u00e9phanie Desvaux &#8211; S&rsquo;Toria<\/h2>\n<figure id=\"attachment_136\" aria-describedby=\"caption-attachment-136\" style=\"width: 340px\" class=\"wp-caption aligncenter\"><a href=\"https:\/\/grisby.news\/wp-content\/uploads\/2023\/04\/46-GRISBY-Mag-Storia-Stephanie-Desvaux-La-Firme-Reseau-Affaires-Business-Toulouse-Novembre22.pdf\" target=\"_blank\" rel=\"noopener noreferrer\"><img loading=\"lazy\" class=\"wp-image-136\" src=\"https:\/\/grisby.news\/wp-content\/uploads\/2023\/04\/46-Grisby-Mag-Stephanie-Desvaux-Storia-La-Firme-Reseau-Affaires-Business-Toulouse-680x970px.jpg\" alt=\"Grisby Mag 46 Magazine Business La Firme R\u00e9seau Affaires Toulouse novembre 2022\" width=\"340\" height=\"485\" srcset=\"https:\/\/grisby.news\/wp-content\/uploads\/2023\/04\/46-Grisby-Mag-Stephanie-Desvaux-Storia-La-Firme-Reseau-Affaires-Business-Toulouse-680x970px.jpg 680w, https:\/\/grisby.news\/wp-content\/uploads\/2023\/04\/46-Grisby-Mag-Stephanie-Desvaux-Storia-La-Firme-Reseau-Affaires-Business-Toulouse-680x970px-210x300.jpg 210w\" sizes=\"(max-width: 340px) 100vw, 340px\" \/><\/a><figcaption id=\"caption-attachment-136\" class=\"wp-caption-text\">Cliquez sur l&rsquo;image pour t\u00e9l\u00e9charger le mag&rsquo; !<\/figcaption><\/figure>\n<p style=\"text-align: left;\">\u00ab Quoi ? De vieux documents recouverts de poussi\u00e8re et quasi irr\u00e9cup\u00e9rables&#8230;? J\u2019arrive !!! \u00bb<\/p>\n<h3 style=\"text-align: left;\">Make history !<\/h3>\n<p style=\"text-align: left;\">En commen\u00e7ant \u00e0 r\u00e9fl\u00e9chir patrimoine, culture et tout \u00e7a, on s\u2019est demand\u00e9 quel \u00e9tait le plus vieux truc construit par l\u2019hominid\u00e9 qui avait carr\u00e9ment de la gueule. Certes le ch\u00e2teau de Versailles ou le Ceasars Palace \u00e0 Vegas (surtout bien prononcer \u00ab Sizeeeursse \u00bb), c\u2019est carr\u00e9ment du lourd. Mais on a continu\u00e9 \u00e0 d\u00e9nouer la pelote du temps et \u00e0 chafouiner dans les moindres recoins de l\u2019Histoire avec un grand H. Et faut avouer que \u00e7a se bouscule pas mal. Cath\u00e9drales, Colis\u00e9e, temples en tout genre, y\u2019a du choix. Et l\u00e0 bim, on tombe sur le must du game. Les trucs pointus l\u00e0&#8230; les pyramides !!!<\/p>\n<p style=\"text-align: left;\">Les mecs clairement y bricolaient pas \u00e0 base de tutos YouTubesques et devaient pas se coltiner le cours du jeudi soir \u00ab Vis \u00e0 t\u00eates frais\u00e9es, trucs et astuces \u00bb chez Bricoboy. On n\u2019est pas sur du bricolage \u00e0 papa avec 3 planches de bois et 2 clous rouill\u00e9s pour construire des tipis miteux qui prennent l\u2019air, l\u2019humidit\u00e9 et la flotte, favorisant ainsi la transmission du chikungunya et autres miasmes bien v\u00e9n\u00e8res de l\u2019antiquit\u00e9.<\/p>\n<p style=\"text-align: left;\">Non l\u00e0, on joue dans la ligue la plus balaise, avec de la technique architecturale classieuse et de l\u2019esprit directement connect\u00e9 au divin. Et c\u2019est l\u00e0 que notre star du mois intervient, en mode furet pour d\u00e9nicher, collecter et d\u00e9poussi\u00e9rer tous les docs permettant de mettre en lumi\u00e8re le savoir-faire de ces gars en pagnes de lin et sandalettes tress\u00e9es mais malgr\u00e9 tout plut\u00f4t d\u00e9ter\u2019.<\/p>\n<p style=\"text-align: left;\">Bon ok, on a pris un exemple costaud, quitte \u00e0 forcer un poil le hi\u00e9roglyphe, mais c\u2019est pour mieux vous faire rentrer dans la caboche toute la puissance du travail de St\u00e9phanie.<br \/>\nDans une \u00e9poque o\u00f9 la story Instagram la plus badass a une dur\u00e9e d\u2019existence effective limit\u00e9e \u00e0 environ 3 secondes 28, \u00e7a fait du bien d\u2019avoir quelqu\u2019un qui n\u2019h\u00e9site pas \u00e0 remonter le temps pour nous faire profiter de merveilles enfouies et poussi\u00e9reuses qui ne demandent qu\u2019\u00e0 \u00eatre expos\u00e9es au grand jour devant nos pupilles \u00e9bahies.<br \/>\nBosser avec St\u00e9phanie, c\u2019est un peu comme faire gaiement crisser les pneus d\u2019une DeLorean et faire hurler le moteur jusqu\u2019\u00e0 atteindre les fameux 88 miles \u00e0 l\u2019heure pour atterir dans l\u2019\u00e9poque de votre choix. Perso, \u00e0 la r\u00e9dac\u2019 on a une petite faiblesse pour le Moyen-\u00c2ge avec ses joyeuset\u00e9s du style pont-levis, louis d\u2019or, hallebardes bien massives et autres baln\u00e9oth\u00e9rapies \u00e0 base d\u2019huile bouillante. Mais bon, les go\u00fbts et les couleurs&#8230; chacun son truc !<\/p>\n<p style=\"text-align: left;\">Ce qui est surtout int\u00e9ressant, c\u2019est que tout ceci s\u2019applique avec d\u00e9lectation et rentabilit\u00e9 sur nos business respectifs. Avoir du biscuit pour mettre en avant tout l\u2019historique de votre boite et en faire un tr\u00e9sor \u00e0 exploiter en termes de marketing, communication, fid\u00e9lisation, prospection&#8230; Il y a plus de 2.000 ans, un certain \u00ab R\u00e9sousse \u00bb se lan\u00e7ait en micro-entreprise dans le BTP.<\/p>\n<p style=\"text-align: left;\">Aujourd\u2019hui, on connait le r\u00e9sultat !<\/p>\n<p>&gt;&gt;&gt; <a href=\"https:\/\/grisby.news\/wp-content\/uploads\/2023\/04\/46-GRISBY-Mag-Storia-Stephanie-Desvaux-La-Firme-Reseau-Affaires-Business-Toulouse-Novembre22.pdf\" target=\"_blank\" rel=\"noopener noreferrer\">T\u00e9l\u00e9chargez le Grisby Mag&rsquo; n\u00b046 de novembre 2022<\/a><\/p>\n","protected":false},"excerpt":{"rendered":"<p>St\u00e9phanie Desvaux &#8211; S&rsquo;Toria \u00ab Quoi ? De vieux documents recouverts de poussi\u00e8re et quasi irr\u00e9cup\u00e9rables&#8230;? J\u2019arrive !!! \u00bb Make history ! En commen\u00e7ant \u00e0 r\u00e9fl\u00e9chir patrimoine, culture et tout \u00e7a, on s\u2019est demand\u00e9 quel \u00e9tait le plus vieux truc construit par l\u2019hominid\u00e9 qui avait carr\u00e9ment de la gueule. Certes le ch\u00e2teau de Versailles ou [&hellip;]<\/p>\n","protected":false},"author":1,"featured_media":0,"parent":36,"menu_order":0,"comment_status":"closed","ping_status":"closed","template":"","meta":[],"_links":{"self":[{"href":"https:\/\/grisby.news\/index.php\/wp-json\/wp\/v2\/pages\/150"}],"collection":[{"href":"https:\/\/grisby.news\/index.php\/wp-json\/wp\/v2\/pages"}],"about":[{"href":"https:\/\/grisby.news\/index.php\/wp-json\/wp\/v2\/types\/page"}],"author":[{"embeddable":true,"href":"https:\/\/grisby.news\/index.php\/wp-json\/wp\/v2\/users\/1"}],"replies":[{"embeddable":true,"href":"https:\/\/grisby.news\/index.php\/wp-json\/wp\/v2\/comments?post=150"}],"version-history":[{"count":4,"href":"https:\/\/grisby.news\/index.php\/wp-json\/wp\/v2\/pages\/150\/revisions"}],"predecessor-version":[{"id":183,"href":"https:\/\/grisby.news\/index.php\/wp-json\/wp\/v2\/pages\/150\/revisions\/183"}],"up":[{"embeddable":true,"href":"https:\/\/grisby.news\/index.php\/wp-json\/wp\/v2\/pages\/36"}],"wp:attachment":[{"href":"https:\/\/grisby.news\/index.php\/wp-json\/wp\/v2\/media?parent=150"}],"curies":[{"name":"wp","href":"https:\/\/api.w.org\/{rel}","templated":true}]}}