{"id":148,"date":"2023-04-04T17:06:21","date_gmt":"2023-04-04T15:06:21","guid":{"rendered":"https:\/\/grisby.news\/?page_id=148"},"modified":"2023-04-05T10:07:17","modified_gmt":"2023-04-05T08:07:17","slug":"grisby-mag-45","status":"publish","type":"page","link":"https:\/\/grisby.news\/index.php\/grisby-mag\/grisby-mag-2022\/grisby-mag-45\/","title":{"rendered":"Grisby Mag #45"},"content":{"rendered":"<h2 style=\"text-align: center;\">LAURENT bannwarth : Leaderseed<\/h2>\n<figure id=\"attachment_135\" aria-describedby=\"caption-attachment-135\" style=\"width: 340px\" class=\"wp-caption aligncenter\"><a href=\"https:\/\/grisby.news\/wp-content\/uploads\/2023\/04\/45-GRISBY-Mag-Leaderseed-Laurent-Bannwarth-La-Firme-Reseau-Affaires-Business-Toulouse-Octobre22.pdf\" target=\"_blank\" rel=\"noopener noreferrer\"><img loading=\"lazy\" class=\"wp-image-135\" src=\"https:\/\/grisby.news\/wp-content\/uploads\/2023\/04\/45-Grisby-Mag-Laurent-Bannwarth-Leaderseed-La-Firme-Reseau-Affaires-Business-Toulouse-680x970px.jpg\" alt=\"Grisby Mag 45 Magazine Business La Firme R\u00e9seau Affaires Toulouse\" width=\"340\" height=\"485\" srcset=\"https:\/\/grisby.news\/wp-content\/uploads\/2023\/04\/45-Grisby-Mag-Laurent-Bannwarth-Leaderseed-La-Firme-Reseau-Affaires-Business-Toulouse-680x970px.jpg 680w, https:\/\/grisby.news\/wp-content\/uploads\/2023\/04\/45-Grisby-Mag-Laurent-Bannwarth-Leaderseed-La-Firme-Reseau-Affaires-Business-Toulouse-680x970px-210x300.jpg 210w\" sizes=\"(max-width: 340px) 100vw, 340px\" \/><\/a><figcaption id=\"caption-attachment-135\" class=\"wp-caption-text\">Cliquez sur l&rsquo;image pour t\u00e9l\u00e9charger le mag&rsquo; !<\/figcaption><\/figure>\n<p style=\"text-align: left;\">\u00ab Quelques graines plant\u00e9es de-ci de-l\u00e0, un bon arrosage puis il suffit d\u2019attendre pour r\u00e9colter oklm ! \u00bb<\/p>\n<h3 style=\"text-align: left;\">Jardine les talents !<\/h3>\n<p style=\"text-align: left;\">R\u00f4dant de mani\u00e8re nonchalante, avec sous le bras son catalogue de formations riche en surprises et \u00e9pais comme un botin PTT des glorieuses ann\u00e9es 80, notre star du mois essaime les \u00eatres tel un paysan cultive avec patience et amour ses champs au fil des saisons.<\/p>\n<p style=\"text-align: left;\">C\u2019est qu\u2019il en faut de la volont\u00e9, et une imposante dose d\u2019optimisme, pour miser sur l\u2019esprit humain. Surtout en moment, o\u00f9 la moindre Instagrameuse aux l\u00e8vres d\u00e9licatement silicon\u00e9e et dot\u00e9e d\u2019un esprit fin au QI dont le niveau de creux abyssale pourrait r\u00e9ussir \u00e0 faire rougir de honte le Grand Canyon, le vide et les gigantesques courants d\u2019air qu\u2019il contient. En faisant claquer du million de vues et des pouces par paquets de 1000 sur des sujets aussi fascinants que les produits make-up \u00e0 avoir absolument pour r\u00e9ussir sa vie, on atteint l\u00e0 des degr\u00e9s impressionnants d\u2019avanc\u00e9e civilisationnelle.<\/p>\n<p style=\"text-align: left;\">Mais, avec toute son empathie et sa bonhomie, Laurent reste in\u00e9branlablement confiant en la nature humaine. Pour lui, chaque graine plant\u00e9e donnera une pousse prometteuse et participera \u00e0 l\u2019ach\u00e8vement d\u2019un jardin digne du Ch\u00e2teau de Versailles. Et m\u00eames les quelques mauvaises herbes finiront par trouver leur place dans ce labyrinthe feuillu. M\u00eame si nous franchement on aurait plut\u00f4t tendance \u00e0 te d\u00e9gommer tout \u00e7a \u00e0 coups de Round-Up XB47 formule Turbo ultra toxique mais bigrement efficace.<\/p>\n<p style=\"text-align: left;\">Mais lui&#8230; non, que nenni, diantre, nul besoin de tout cela ! Il cultive \u00e0 un tel point l\u2019\u00e9coute, la compr\u00e9hension et l\u2019adaptation que parfois il nous ferait m\u00eame flipper. Oui c\u2019est bizarre, mais attendez on vous explique le concept. Si on r\u00e9fl\u00e9chit bien, le dernier gusse qui a atteint un tel niveau d\u2019amour pour son prochain se baladait du c\u00f4t\u00e9 de Bethl\u00e9em avec une chasuble, une bande de potes \u00e0 moiti\u00e9 punk \u00e0 chiens et des sandalettes. Ok lui n\u2019a pas la barbe aussi fournie, et m\u00eame s\u2019il a bien une paire de Birkenstock qui traine dans son placard, parfois on pourrait se laisser aller \u00e0 quelque comparaison \u00e9tonnante.<\/p>\n<p style=\"text-align: left;\">Ouuiii, bon ok on pousse un peu le raisonnement. Et puis pour l\u2019instant il n\u2019est pas encore parvenu comme son glorieux pr\u00e9d\u00e9cesseur \u00e0 constituer une multinationale doublement mill\u00e9naire et tout le cash flow qui va avec. Mais \u00e7a viendra, ne vous inqui\u00e9tez pas ! Dans un monde de brutasses \u00e9paisses redoutablement hostile &#8211; oui on aime se vautrer g\u00e9n\u00e9reusement dans la joie et la bonne humeur automnale &#8211; un \u00e9leveur de talents patient et m\u00e9ticuleux comme il l\u2019est ne peut qu\u2019attirer \u00e0 lui les plus m\u00e9ritants et se faire une place de choix dans le game.<\/p>\n<p style=\"text-align: left;\">Alors si la saison peut vous paraitre un poil terne, un chou\u00efa morose, et m\u00eame carr\u00e9ment p\u00e9nible, ne vous bilez pas trop. Faites-lui confiance pour s\u2019occuper de tout \u00e7a. Et bient\u00f4t, tout repoussera de mani\u00e8re florissante, \u00e9clatante et verdoyante !<\/p>\n<p>&gt;&gt;&gt; <a href=\"https:\/\/grisby.news\/wp-content\/uploads\/2023\/04\/45-GRISBY-Mag-Leaderseed-Laurent-Bannwarth-La-Firme-Reseau-Affaires-Business-Toulouse-Octobre22.pdf\" target=\"_blank\" rel=\"noopener noreferrer\">T\u00e9l\u00e9chargez le Grisby Mag&rsquo; n\u00b045 d&rsquo;octobre 2022<\/a><\/p>\n","protected":false},"excerpt":{"rendered":"<p>LAURENT bannwarth : Leaderseed \u00ab Quelques graines plant\u00e9es de-ci de-l\u00e0, un bon arrosage puis il suffit d\u2019attendre pour r\u00e9colter oklm ! \u00bb Jardine les talents ! R\u00f4dant de mani\u00e8re nonchalante, avec sous le bras son catalogue de formations riche en surprises et \u00e9pais comme un botin PTT des glorieuses ann\u00e9es 80, notre star du mois [&hellip;]<\/p>\n","protected":false},"author":1,"featured_media":0,"parent":36,"menu_order":0,"comment_status":"closed","ping_status":"closed","template":"","meta":[],"_links":{"self":[{"href":"https:\/\/grisby.news\/index.php\/wp-json\/wp\/v2\/pages\/148"}],"collection":[{"href":"https:\/\/grisby.news\/index.php\/wp-json\/wp\/v2\/pages"}],"about":[{"href":"https:\/\/grisby.news\/index.php\/wp-json\/wp\/v2\/types\/page"}],"author":[{"embeddable":true,"href":"https:\/\/grisby.news\/index.php\/wp-json\/wp\/v2\/users\/1"}],"replies":[{"embeddable":true,"href":"https:\/\/grisby.news\/index.php\/wp-json\/wp\/v2\/comments?post=148"}],"version-history":[{"count":4,"href":"https:\/\/grisby.news\/index.php\/wp-json\/wp\/v2\/pages\/148\/revisions"}],"predecessor-version":[{"id":184,"href":"https:\/\/grisby.news\/index.php\/wp-json\/wp\/v2\/pages\/148\/revisions\/184"}],"up":[{"embeddable":true,"href":"https:\/\/grisby.news\/index.php\/wp-json\/wp\/v2\/pages\/36"}],"wp:attachment":[{"href":"https:\/\/grisby.news\/index.php\/wp-json\/wp\/v2\/media?parent=148"}],"curies":[{"name":"wp","href":"https:\/\/api.w.org\/{rel}","templated":true}]}}