{"id":146,"date":"2023-04-04T17:05:22","date_gmt":"2023-04-04T15:05:22","guid":{"rendered":"https:\/\/grisby.news\/?page_id=146"},"modified":"2023-04-05T10:13:18","modified_gmt":"2023-04-05T08:13:18","slug":"grisby-mag-44","status":"publish","type":"page","link":"https:\/\/grisby.news\/index.php\/grisby-mag\/grisby-mag-2022\/grisby-mag-44\/","title":{"rendered":"Grisby Mag #44"},"content":{"rendered":"<h2 style=\"text-align: center;\">LAS FIRMAS PARANO<\/h2>\n<figure id=\"attachment_134\" aria-describedby=\"caption-attachment-134\" style=\"width: 340px\" class=\"wp-caption aligncenter\"><a href=\"https:\/\/grisby.news\/wp-content\/uploads\/2023\/04\/44-GRISBY-Mag-Las-Firmas-Parano-La-Firme-Reseau-Affaires-Business-Toulouse-Summer22.pdf\" target=\"_blank\" rel=\"noopener noreferrer\"><img loading=\"lazy\" class=\"wp-image-134\" src=\"https:\/\/grisby.news\/wp-content\/uploads\/2023\/04\/44-Grisby-Mag-Las-Vegas-Parano-La-Firme-Reseau-Affaires-Business-Toulouse-680x970px.jpg\" alt=\"Grisby Mag 44 Magazine Business La Firme R\u00e9seau Affaires Toulouse\" width=\"340\" height=\"485\" srcset=\"https:\/\/grisby.news\/wp-content\/uploads\/2023\/04\/44-Grisby-Mag-Las-Vegas-Parano-La-Firme-Reseau-Affaires-Business-Toulouse-680x970px.jpg 680w, https:\/\/grisby.news\/wp-content\/uploads\/2023\/04\/44-Grisby-Mag-Las-Vegas-Parano-La-Firme-Reseau-Affaires-Business-Toulouse-680x970px-210x300.jpg 210w\" sizes=\"(max-width: 340px) 100vw, 340px\" \/><\/a><figcaption id=\"caption-attachment-134\" class=\"wp-caption-text\">Cliquez sur l\u2019image pour t\u00e9l\u00e9charger le mag\u2019 !<\/figcaption><\/figure>\n<p style=\"text-align: left;\">\u00ab La team est compl\u00e8tement barge ! Ils sont m\u00eame all\u00e9s jusqu\u2019\u00e0 filmer l\u2019op\u00e9ration pour narguer les autorit\u00e9s. \u00bb<\/p>\n<h3 style=\"text-align: left;\">Le gang a encore frapp\u00e9 !<\/h3>\n<p style=\"text-align: left;\">15 croupiers, plus de 10 r\u00e9seaux business dans le coup avec plus de 100 joueurs, une logistique r\u00e9gl\u00e9e \u00e0 la seconde pr\u00e8s, une pr\u00e9paration cis\u00e9l\u00e9e aux petits oignons pour ce que la presse appelle d\u00e9sormais : le nouveau casse du si\u00e8cle !!!<\/p>\n<p style=\"text-align: left;\">Le casino Barri\u00e8re a connu cet \u00e9t\u00e9 le plus beau braquage qui soit, \u00e0 tel point que la direction de l\u2019\u00e9tablissement s\u2019est vite rendue \u00e0 l\u2019\u00e9vidence. Le loup (de Wall Street) \u00e9tait entr\u00e9 dans la bergerie et il \u00e9tait d\u00e9j\u00e0 trop tard. Impossible de lutter face \u00e0 une organisation criminelle qui n\u2019en est pas \u00e0 son 1er m\u00e9fait du genre. L\u2019exp\u00e9rience et la motivation avait atteint de tels degr\u00e9s de roublardise que les services du casino se sont retrouv\u00e9s totalement d\u00e9munis le jour du casse.<\/p>\n<p style=\"text-align: left;\">Pourtant, ils avaient bien alert\u00e9 leurs \u00e9quipes de s\u00e9curit\u00e9 et mis tous les moyens techniques en place pour \u00e9viter le carnage : cam\u00e9ras infra-rouges, d\u00e9tecteurs de mouvements, lasers \u00e0 ionisation invers\u00e9e&#8230; mais \u00e7a n\u2019a pas suffit \u00e0 emp\u00eacher l\u2019in\u00e9vitable. Un coup n\u2019est jamais totalement parfait mais l\u00e0 on a tutoy\u00e9 l\u2019exceptionnel, fr\u00f4l\u00e9 le sublime, et le tout sans un seul coup de feu. Toutes les options avaient \u00e9t\u00e9 envisag\u00e9es et au final le plan s\u2019est d\u00e9roul\u00e9 sans accroc.<\/p>\n<p style=\"text-align: left;\">Bon \u00e9videmment, il a bien fallu user de quelques stratag\u00e8mes, menace de kidnapping et autres moyens de coercition parfois un peu borderline mais que voulez-vous&#8230; vous savez ce que l\u2019on dit concernant les omelettes, les oeufs et tout \u00e7a !<\/p>\n<p style=\"text-align: left;\">Pour ceux qui \u00e9taient totalement pris par le jeu et l\u2019esprit de la gagne, vous n\u2019avez du coup peut-\u00eatre pas fait attention \u00e0 ce qui se jouait r\u00e9ellement lors de cette soir\u00e9e Grisby&#8230; on peut tout vous dire maintenant : tout ceci n\u2019\u00e9tait en fait qu\u2019une couverture pour d\u00e9valiser avec d\u00e9termination et subtilit\u00e9 les coffres du casino !!!<\/p>\n<p style=\"text-align: left;\">L\u2019\u00e9change des billets s\u2019est fait tout en finesse pendant la partie et on aurait bien aim\u00e9 voir la t\u00eate de l\u2019agent de s\u00e9cu qui a d\u00e9couvert au petit matin que tous les biftons de la recette de la semaine avaient \u00e9t\u00e9 remplac\u00e9s par du Grisby. Le tout en petites coupures sioupl\u00e9 !<\/p>\n<p style=\"text-align: left;\">M\u00eame la directrice du casino n\u2019y a vu que du feu et est m\u00eame venue nous saluer puis assister \u00e0 la partie en ne se doutant pas une seconde de ce qui se passait en coulisses.<br \/>\nHistoire que vous ne soyez pas emb\u00eat\u00e9s par votre participation &#8211; certes involontaire mais n\u00e9anmoins compromettante &#8211; \u00e0 cette op\u00e9ration, nous avons fait le n\u00e9cessaire. Ne vous inqui\u00e9tez donc pas : nous avons rendu tout le butin d\u00e8s le lendemain ! C\u2019\u00e9tait juste pour le fun et la beaut\u00e9 du geste. C\u2019est notre c\u00f4t\u00e9 esprit Coubertin \u00e7a, on aime relever des d\u00e9fis compl\u00e8tement dingues mais malgr\u00e9 tout on reste quand m\u00eame pas mal mignons.<\/p>\n<p style=\"text-align: left;\">La prochaine \u00e9tape, parce que oui, il faut toujours se fixer de nouveaux objectifs pour rester dans le coup : Monaco, Deauville&#8230; Et bien s\u00fbr un jour le Graal : Vegas !<\/p>\n<p>&gt;&gt;&gt; <a href=\"https:\/\/grisby.news\/wp-content\/uploads\/2023\/04\/44-GRISBY-Mag-Las-Firmas-Parano-La-Firme-Reseau-Affaires-Business-Toulouse-Summer22.pdf\" target=\"_blank\" rel=\"noopener noreferrer\">T\u00e9l\u00e9chargez le Grisby Mag&rsquo; n\u00b044 de l&rsquo;\u00e9t\u00e9 2022<\/a><\/p>\n","protected":false},"excerpt":{"rendered":"<p>LAS FIRMAS PARANO \u00ab La team est compl\u00e8tement barge ! Ils sont m\u00eame all\u00e9s jusqu\u2019\u00e0 filmer l\u2019op\u00e9ration pour narguer les autorit\u00e9s. \u00bb Le gang a encore frapp\u00e9 ! 15 croupiers, plus de 10 r\u00e9seaux business dans le coup avec plus de 100 joueurs, une logistique r\u00e9gl\u00e9e \u00e0 la seconde pr\u00e8s, une pr\u00e9paration cis\u00e9l\u00e9e aux petits [&hellip;]<\/p>\n","protected":false},"author":1,"featured_media":0,"parent":36,"menu_order":0,"comment_status":"closed","ping_status":"closed","template":"","meta":[],"_links":{"self":[{"href":"https:\/\/grisby.news\/index.php\/wp-json\/wp\/v2\/pages\/146"}],"collection":[{"href":"https:\/\/grisby.news\/index.php\/wp-json\/wp\/v2\/pages"}],"about":[{"href":"https:\/\/grisby.news\/index.php\/wp-json\/wp\/v2\/types\/page"}],"author":[{"embeddable":true,"href":"https:\/\/grisby.news\/index.php\/wp-json\/wp\/v2\/users\/1"}],"replies":[{"embeddable":true,"href":"https:\/\/grisby.news\/index.php\/wp-json\/wp\/v2\/comments?post=146"}],"version-history":[{"count":5,"href":"https:\/\/grisby.news\/index.php\/wp-json\/wp\/v2\/pages\/146\/revisions"}],"predecessor-version":[{"id":191,"href":"https:\/\/grisby.news\/index.php\/wp-json\/wp\/v2\/pages\/146\/revisions\/191"}],"up":[{"embeddable":true,"href":"https:\/\/grisby.news\/index.php\/wp-json\/wp\/v2\/pages\/36"}],"wp:attachment":[{"href":"https:\/\/grisby.news\/index.php\/wp-json\/wp\/v2\/media?parent=146"}],"curies":[{"name":"wp","href":"https:\/\/api.w.org\/{rel}","templated":true}]}}