{"id":140,"date":"2023-04-04T17:00:40","date_gmt":"2023-04-04T15:00:40","guid":{"rendered":"https:\/\/grisby.news\/?page_id=140"},"modified":"2023-04-05T10:19:31","modified_gmt":"2023-04-05T08:19:31","slug":"grisby-mag-41","status":"publish","type":"page","link":"https:\/\/grisby.news\/index.php\/grisby-mag\/grisby-mag-2022\/grisby-mag-41\/","title":{"rendered":"Grisby Mag #41"},"content":{"rendered":"<h2 style=\"text-align: center;\">Laurent Pouymayou : LP recrutement<\/h2>\n<figure id=\"attachment_131\" aria-describedby=\"caption-attachment-131\" style=\"width: 340px\" class=\"wp-caption aligncenter\"><a href=\"https:\/\/grisby.news\/wp-content\/uploads\/2023\/04\/41-GRISBY-Mag-LP-Recrutement-Laurent-Pouymayou-La-Firme-Reseau-Affaires-Business-Toulouse-Avril22.pdf\" target=\"_blank\" rel=\"noopener noreferrer\"><img loading=\"lazy\" class=\"wp-image-131\" src=\"https:\/\/grisby.news\/wp-content\/uploads\/2023\/04\/41-Grisby-Mag-Laurent-Pouymayou-LP-Recrutement-La-Firme-Reseau-Affaires-Business-Toulouse-680x970px.jpg\" alt=\"Grisby Mag 41 Magazine Business La Firme R\u00e9seau Affaires Toulouse\" width=\"340\" height=\"485\" srcset=\"https:\/\/grisby.news\/wp-content\/uploads\/2023\/04\/41-Grisby-Mag-Laurent-Pouymayou-LP-Recrutement-La-Firme-Reseau-Affaires-Business-Toulouse-680x970px.jpg 680w, https:\/\/grisby.news\/wp-content\/uploads\/2023\/04\/41-Grisby-Mag-Laurent-Pouymayou-LP-Recrutement-La-Firme-Reseau-Affaires-Business-Toulouse-680x970px-210x300.jpg 210w\" sizes=\"(max-width: 340px) 100vw, 340px\" \/><\/a><figcaption id=\"caption-attachment-131\" class=\"wp-caption-text\">Cliquez sur l\u2019image pour t\u00e9l\u00e9charger le mag\u2019 !<\/figcaption><\/figure>\n<p style=\"text-align: left;\">\u00ab Bien recruter c\u2019est tout un art ! CIA, KGB, l\u00e9gion \u00e9trang\u00e8re&#8230; j\u2019essaye toujours de m\u2019inspirer des meilleurs. \u00bb<\/p>\n<h3 style=\"text-align: left;\">AU RAPPORT !<\/h3>\n<p style=\"text-align: left;\">Pas oblig\u00e9 de se faire la boule \u00e0 z\u00e9ro avant d\u2019arriver \u00e0 un entretien chez LP recrutement. Non, vraiment pas ! Ne vous inqui\u00e9tez pas&#8230; Laurent s\u2019en chargera lui-m\u00eame d\u00e8s votre arriv\u00e9e.<\/p>\n<p style=\"text-align: left;\">Tout est pr\u00e9vu : la p\u2019tite tondeuse pro mod\u00e8le US Army \u00ab Vietnam Premium Survivor \u00bb avec le logo d\u00e9licatement grav\u00e9 sur le manche, avant de passer avec minutie un coupe-choux tendrement aiguis\u00e9 \u00e0 la machette pour bien d\u00e9gager dans le bas du cou et \u00e0 l\u2019arri\u00e8re des oreilles.<\/p>\n<p style=\"text-align: left;\">Et, histoire de pas s\u2019arr\u00eater de couiner tout de suite, tous profiteront avec joie de la p\u2019tite lame en acier galvanis\u00e9 qui va venir se poser et parfaitement \u00e9pouser la forme de tous ces bons p\u2019tits minois de soldat mod\u00e8les qui vont d\u00e9barquer avec leurs CV tout proprement mis en page. Le tout \u00e0 l\u2019eau tr\u00e8s froide, bien entendu ! Mais \u00e7a, c\u2019est juste pour le fun. N\u2019y voyez aucune perversit\u00e9 ni aucune volont\u00e9 d\u2019impressionner, mais juste le c\u00f4t\u00e9 blagueur made in LP. \u00catre pointilleux sur la discipline n\u2019emp\u00eache pas de faire quelques p\u2019tites vannes potaches quand m\u00eame. Faut savoir se d\u00e9tendre ! Et surtout mettre super \u00e0 l\u2019aise les candidats qui se pr\u00e9sentent.<\/p>\n<p style=\"text-align: left;\">Apr\u00e8s, \u00e7a ne va pas jusqu\u2019au bizutage, mais uniquement parce que la loi l\u2019interdit. Dommage&#8230; m\u00eame les meilleures traditions ancestrales se perdent. Malheureux de pas respecter les bonnes vieilles m\u00e9thodes qui ont fait leurs preuves mais bon, tant pis. Quelle \u00e9poque tristounette !<\/p>\n<p style=\"text-align: left;\">Que ce soit pour de l\u2019int\u00e9rim classique en Grande Distri, du CDI confortablement r\u00e9mun\u00e9r\u00e9 dans le tertiaire ou des remplacements au pied lev\u00e9 dans des saunas masculins \u00e0 tendance \u00e9rotico-hammamo-lounge, ambiance p\u00e9tales bougies et serviettes de bain, hors de question de proposer aux clients un profil qui n\u2019aurait pas pass\u00e9 tous les tests au cordeau. \u00c9tude du parcours professionnel, mouais ok&#8230; comp\u00e9tences, moui bien&#8230; formation, check&#8230; c\u2019est pas mal tout \u00e7a. Ok, maintenant on peut passer \u00e0 la phase 2, la vraie \u00e9tape s\u00e9rieuse de l\u2019entretien de recrutement : parce que ce qui compte avant tout, c\u2019est la MO-TI-VA-TION !!!<\/p>\n<p style=\"text-align: left;\">Ce qu\u2019on veut chez LP c\u2019est du profil acharn\u00e9, du warrior qui ne l\u00e2che rien ! Du genre qui fait son lit nickel au carr\u00e9 le matin et avale son p\u2019ti-d\u00e9j\u2019 compos\u00e9 d\u2019un gros steack tartare de 800 grammes avec son succulent accompagnement par-dessus : un oeuf cru d\u2019autruche \u00e9lev\u00e9e aux st\u00e9ro\u00efdes (avec une touche de spiruline pour avoir la grosse gniaque). Et pour finir, un bol de chicor\u00e9e bio pour faire passer le tout. Enfin \u00e7a \u00e9videmment, apr\u00e8s avoir jogg\u00e9 \u00e0 jeun 15km en VO2 max au taquet juste avant.<\/p>\n<p style=\"text-align: left;\">Allez go !!! 40 pompes, 25 tractions, 5 sessions d\u2019abdos d\u2019affil\u00e9e, 50 squats flexi-agenouill\u00e9s-saut\u00e9s. On veut de la crampe au mollet, de la grosse goutte de transpi. Alooors, tu l\u2019veux vraiment ce job de mise en rayon chez Prisu ou quoi ?!?!?<\/p>\n<p>&gt;&gt;&gt; <a href=\"https:\/\/grisby.news\/wp-content\/uploads\/2023\/04\/41-GRISBY-Mag-LP-Recrutement-Laurent-Pouymayou-La-Firme-Reseau-Affaires-Business-Toulouse-Avril22.pdf\" target=\"_blank\" rel=\"noopener noreferrer\">T\u00e9l\u00e9chargez le Grisby Mag&rsquo; n\u00b041 d&rsquo;avril 2022<\/a><\/p>\n","protected":false},"excerpt":{"rendered":"<p>Laurent Pouymayou : LP recrutement \u00ab Bien recruter c\u2019est tout un art ! CIA, KGB, l\u00e9gion \u00e9trang\u00e8re&#8230; j\u2019essaye toujours de m\u2019inspirer des meilleurs. \u00bb AU RAPPORT ! Pas oblig\u00e9 de se faire la boule \u00e0 z\u00e9ro avant d\u2019arriver \u00e0 un entretien chez LP recrutement. Non, vraiment pas ! Ne vous inqui\u00e9tez pas&#8230; Laurent s\u2019en chargera [&hellip;]<\/p>\n","protected":false},"author":1,"featured_media":0,"parent":36,"menu_order":0,"comment_status":"closed","ping_status":"closed","template":"","meta":[],"_links":{"self":[{"href":"https:\/\/grisby.news\/index.php\/wp-json\/wp\/v2\/pages\/140"}],"collection":[{"href":"https:\/\/grisby.news\/index.php\/wp-json\/wp\/v2\/pages"}],"about":[{"href":"https:\/\/grisby.news\/index.php\/wp-json\/wp\/v2\/types\/page"}],"author":[{"embeddable":true,"href":"https:\/\/grisby.news\/index.php\/wp-json\/wp\/v2\/users\/1"}],"replies":[{"embeddable":true,"href":"https:\/\/grisby.news\/index.php\/wp-json\/wp\/v2\/comments?post=140"}],"version-history":[{"count":6,"href":"https:\/\/grisby.news\/index.php\/wp-json\/wp\/v2\/pages\/140\/revisions"}],"predecessor-version":[{"id":196,"href":"https:\/\/grisby.news\/index.php\/wp-json\/wp\/v2\/pages\/140\/revisions\/196"}],"up":[{"embeddable":true,"href":"https:\/\/grisby.news\/index.php\/wp-json\/wp\/v2\/pages\/36"}],"wp:attachment":[{"href":"https:\/\/grisby.news\/index.php\/wp-json\/wp\/v2\/media?parent=140"}],"curies":[{"name":"wp","href":"https:\/\/api.w.org\/{rel}","templated":true}]}}