{"id":138,"date":"2023-04-04T16:59:06","date_gmt":"2023-04-04T14:59:06","guid":{"rendered":"https:\/\/grisby.news\/?page_id=138"},"modified":"2023-04-05T10:34:59","modified_gmt":"2023-04-05T08:34:59","slug":"grisby-mag-40","status":"publish","type":"page","link":"https:\/\/grisby.news\/index.php\/grisby-mag\/grisby-mag-2022\/grisby-mag-40\/","title":{"rendered":"Grisby Mag #40"},"content":{"rendered":"<h2 style=\"text-align: center;\">GRISBY MAG n\u00b040<\/h2>\n<figure id=\"attachment_130\" aria-describedby=\"caption-attachment-130\" style=\"width: 340px\" class=\"wp-caption aligncenter\"><a href=\"https:\/\/grisby.news\/wp-content\/uploads\/2023\/04\/40-GRISBY-Mag-Grisby-Bad-Trip-La-Firme-Reseau-Affaires-Business-Toulouse-Mars22.pdf\" target=\"_blank\" rel=\"noopener noreferrer\"><img loading=\"lazy\" class=\"wp-image-130\" src=\"https:\/\/grisby.news\/wp-content\/uploads\/2023\/04\/40-Grisby-Mag-Bad-Trip-La-Firme-Reseau-Affaires-Business-Toulouse-680x970px.jpg\" alt=\"Grisby Mag 40 Magazine Business La Firme R\u00e9seau Affaires Toulouse\" width=\"340\" height=\"485\" srcset=\"https:\/\/grisby.news\/wp-content\/uploads\/2023\/04\/40-Grisby-Mag-Bad-Trip-La-Firme-Reseau-Affaires-Business-Toulouse-680x970px.jpg 680w, https:\/\/grisby.news\/wp-content\/uploads\/2023\/04\/40-Grisby-Mag-Bad-Trip-La-Firme-Reseau-Affaires-Business-Toulouse-680x970px-210x300.jpg 210w\" sizes=\"(max-width: 340px) 100vw, 340px\" \/><\/a><figcaption id=\"caption-attachment-130\" class=\"wp-caption-text\">Cliquez sur l\u2019image pour t\u00e9l\u00e9charger le mag\u2019 !<\/figcaption><\/figure>\n<p style=\"text-align: left;\">\u00ab Pour f\u00eater les 5 ans de la Firme, le Grisby se doit forc\u00e9ment d\u2019\u00eatre de la partie ! \u00c0 c\u00f4t\u00e9, les soir\u00e9es Berlusconi c\u2019est de la blague&#8230;\u00bb<\/p>\n<h3 style=\"text-align: left;\">TOUCHE PAS !!!<\/h3>\n<p style=\"text-align: left;\">Tu appuies f\u00e9brilement sur le bouton pour appeler l\u2019ascenseur, direction le 2\u00e8me \u00e9tage&#8230; tu te diriges vers la salle de jeu, tension \u00e0 son comble. Ton pouls est au max, tu as opt\u00e9 pour une quadruple dose de d\u00e9o histoire que ta chemise ne trahisse pas les moments o\u00f9 tu vas tenter de gros coups de bluff. Le moindre d\u00e9tail compte ! Et \u00e7a c\u2019\u00e9tait juste avant de r\u00e9viser une derni\u00e8re fois toutes les r\u00e8gles du jeu jusqu\u2019\u00e0 la moindre petite ligne. Cette fois-ci la chance n\u2019aura pas sa place, la win ne peut pas t\u2019\u00e9chapper.<\/p>\n<p style=\"text-align: left;\">C\u2019est qui cette nana avec toi d\u2019ailleurs dans le hall ? Pourquoi elle te regarde comme \u00e7a ? Elle va aussi au 2nd ? Peut-\u00eatre une de tes futures adversaires. Je l\u2019ai pas vue elle dans le trombi des anciens vainqueurs du Grisby&#8230; Attends, faut que je me ressaisisse l\u00e0, te laisse pas perturber, le mental, le mental, respire.<\/p>\n<p style=\"text-align: left;\">Check : biftons pour corrompre les croupi\u00e8res, j\u2019ai ! Poker face pour an\u00e9antir mes concurrents, yes good ! Mes fiches de synth\u00e8se sur le \u00ab Loup de Wall Street \u00bb, imprim\u00e9es !!! Rien ne peut m\u2019arriver, je vise l\u2019or, il ne pourra pas m\u2019\u00e9chapper. J\u2019ai entendu dire que certains \u00e9taient pass\u00e9s tout pr\u00e8s et qu\u2019il leur a fallu des mois pour s\u2019en remettre. S\u00e9ances de psy, crises d\u2019angoisse spontan\u00e9es, insomnies&#8230; J\u2019ai pas le droit de me louper.<\/p>\n<p style=\"text-align: left;\">Allez, je me remets en mode winner, la gniaque, je suis chaud l\u00e0, en plus je sens que la chance va \u00eatre avec moi. Je vais tous les \u00e9parpiller fa\u00e7on puzzle aux 4 coins de Toulouse.<br \/>\nAllez ne vous inqui\u00e9tez pas, certains vont se mettre une grosse pression pour taper la gagne mais avant tout, on va s\u2019amuser le 5 juillet !!!<\/p>\n<p style=\"text-align: left;\">On a tout pr\u00e9vu pour cette soir\u00e9e : liasses de biftons en masse, dresseurs d\u2019ours, cracheurs de feu, gigolo gogo danseurs, pompom girls&#8230; Les croupiers vont arriver par le toit, parachut\u00e9s du \u00ab Grisby Jet \u00bb qui va survoler oklm le Casino Barri\u00e8re \u00e0 Mach 2 avec une train\u00e9e de fum\u00e9e \u00e0 paillettes dor\u00e9es. Ensuite, descente en rappel fa\u00e7on commando pour arriver direct \u00e0 leurs tables respectives et attendre les joueurs de pied ferme. Enfin, de main ferme plut\u00f4t, parce qu\u2019il va leur en falloir aussi pour tenir le fight sans aucune piti\u00e9 qui va avoir lieu ce soir l\u00e0.<\/p>\n<p style=\"text-align: left;\">Pour les winners parmi vous, et je sais qu\u2019il y en a, on va organiser plusieurs sessions d\u2019explication des r\u00e8gles et surtout des strat\u00e9gies \u00e0 utiliser pour maximiser vos chances de rafler la mise. Bon ok, on va aussi et surtout vous apprendre toutes les techniques de roublards les plus immorales. Les fondamentaux quoi !<br \/>\nEn plus, il y aura plein de r\u00e9seaux copains qui vont \u00eatre de la partie. \u00c9videmment, cool qu\u2019ils viennent mais hors de question qu\u2019ils gagnent. Vous allez me les finir gentiment en mode low kick puis \u00e0 coups de pelle une fois au sol. L\u2019esprit Coubertin&#8230;? Oui, oui, on a entendu parler du concept. Mignon, mais on n\u2019est pas aux JO ici. Au Grisby, tous les coups sont permis !!! \ud83d\ude42<\/p>\n<p>&gt;&gt;&gt; <a href=\"https:\/\/grisby.news\/wp-content\/uploads\/2023\/04\/40-GRISBY-Mag-Grisby-Bad-Trip-La-Firme-Reseau-Affaires-Business-Toulouse-Mars22.pdf\" target=\"_blank\" rel=\"noopener noreferrer\">T\u00e9l\u00e9chargez le Grisby Mag&rsquo; n\u00b040 de mars 2022<\/a><\/p>\n","protected":false},"excerpt":{"rendered":"<p>GRISBY MAG n\u00b040 \u00ab Pour f\u00eater les 5 ans de la Firme, le Grisby se doit forc\u00e9ment d\u2019\u00eatre de la partie ! \u00c0 c\u00f4t\u00e9, les soir\u00e9es Berlusconi c\u2019est de la blague&#8230;\u00bb TOUCHE PAS !!! Tu appuies f\u00e9brilement sur le bouton pour appeler l\u2019ascenseur, direction le 2\u00e8me \u00e9tage&#8230; tu te diriges vers la salle de jeu, [&hellip;]<\/p>\n","protected":false},"author":1,"featured_media":0,"parent":36,"menu_order":0,"comment_status":"closed","ping_status":"closed","template":"","meta":[],"_links":{"self":[{"href":"https:\/\/grisby.news\/index.php\/wp-json\/wp\/v2\/pages\/138"}],"collection":[{"href":"https:\/\/grisby.news\/index.php\/wp-json\/wp\/v2\/pages"}],"about":[{"href":"https:\/\/grisby.news\/index.php\/wp-json\/wp\/v2\/types\/page"}],"author":[{"embeddable":true,"href":"https:\/\/grisby.news\/index.php\/wp-json\/wp\/v2\/users\/1"}],"replies":[{"embeddable":true,"href":"https:\/\/grisby.news\/index.php\/wp-json\/wp\/v2\/comments?post=138"}],"version-history":[{"count":5,"href":"https:\/\/grisby.news\/index.php\/wp-json\/wp\/v2\/pages\/138\/revisions"}],"predecessor-version":[{"id":197,"href":"https:\/\/grisby.news\/index.php\/wp-json\/wp\/v2\/pages\/138\/revisions\/197"}],"up":[{"embeddable":true,"href":"https:\/\/grisby.news\/index.php\/wp-json\/wp\/v2\/pages\/36"}],"wp:attachment":[{"href":"https:\/\/grisby.news\/index.php\/wp-json\/wp\/v2\/media?parent=138"}],"curies":[{"name":"wp","href":"https:\/\/api.w.org\/{rel}","templated":true}]}}