{"id":117,"date":"2023-04-03T16:08:03","date_gmt":"2023-04-03T14:08:03","guid":{"rendered":"https:\/\/grisby.news\/?page_id=117"},"modified":"2023-04-05T10:10:05","modified_gmt":"2023-04-05T08:10:05","slug":"grisby-mag-51","status":"publish","type":"page","link":"https:\/\/grisby.news\/index.php\/grisby-mag\/grisby-mag-2023\/grisby-mag-51\/","title":{"rendered":"Grisby Mag #51"},"content":{"rendered":"<h2 style=\"text-align: center;\">Num\u00e9ro 51<\/h2>\n<figure id=\"attachment_114\" aria-describedby=\"caption-attachment-114\" style=\"width: 340px\" class=\"wp-caption aligncenter\"><a href=\"https:\/\/grisby.news\/wp-content\/uploads\/2023\/04\/Grisby-Mag-LBK-Consulting-Laura-Bokobza-La-Firme-Reseau-Affaires-Business-Toulouse-Avril23-Num51.pdf\" target=\"_blank\" rel=\"noopener noreferrer\"><img loading=\"lazy\" class=\"wp-image-114\" src=\"https:\/\/grisby.news\/wp-content\/uploads\/2023\/04\/51-Grisby-Mag-LBK-Laura-Bokobza-La-Firme-Reseau-Affaires-Business-Toulouse-680x970px.jpg\" alt=\"Grisby Mag 51 Magazine Business La Firme R\u00e9seau Affaires Toulouse avril 2023\" width=\"340\" height=\"485\" srcset=\"https:\/\/grisby.news\/wp-content\/uploads\/2023\/04\/51-Grisby-Mag-LBK-Laura-Bokobza-La-Firme-Reseau-Affaires-Business-Toulouse-680x970px.jpg 680w, https:\/\/grisby.news\/wp-content\/uploads\/2023\/04\/51-Grisby-Mag-LBK-Laura-Bokobza-La-Firme-Reseau-Affaires-Business-Toulouse-680x970px-210x300.jpg 210w\" sizes=\"(max-width: 340px) 100vw, 340px\" \/><\/a><figcaption id=\"caption-attachment-114\" class=\"wp-caption-text\">Cliquez sur l\u2019image pour t\u00e9l\u00e9charger le mag\u2019 !<\/figcaption><\/figure>\n<p style=\"text-align: left;\">\u00ab <i>Je me souviens le soir o\u00f9 Bernard a fait tapis en misant Adidas avec juste une paire de 2 dans les pattes. C\u2019\u00e9tait tendax !<span class=\"Apple-converted-space\">\u00a0<\/span><\/i>\u00bb<\/p>\n<h3 style=\"text-align: left;\">POKER FACE !<\/h3>\n<p style=\"text-align: left;\">Rentr\u00e9e \u00e0 3h du matin apr\u00e8s la session tripot poker mensuelle qu\u2019elle vient d\u2019organiser discr\u00e8tement avec tout ce que Bordeaux compte de pontes les plus joueurs et influents, Laura se l\u00e8ve comme chaque jour \u00e0 5h pour enquiller son 1er caf\u00e9 au ginseng tout en feuilletant avec autant d\u2019agilit\u00e9 que de d\u00e9lectation la liasse de biftons de 500 encaiss\u00e9s la veille au soir ! Et encore c\u2019est rel\u00e2che aujourd\u2019hui, on est dimanche.<\/p>\n<p>Apr\u00e8s avoir tranquillement boss\u00e9 sur son calendrier \u00e9ditorial de publications r\u00e9seaux sociaux de la semaine \u00e0 venir, elle encha\u00eene \u00e0 6h avec sa session de home fitness. \u00c9quip\u00e9e \u00e9videmment de son oreillette bluetooth pour checker les infos business qu\u2019elle aurait pu louper pendant la nuit ! S\u2019amuser c\u2019est bien, mais c\u2019est pas une raison de se laisser trop distraire. Demain c\u2019est lundi et il faut \u00eatre d\u2019attaque d\u00e8s le d\u00e9part car la semaine passe vite. Il faut garder un bon rythme pour rester sur le coup en permanence tout en \u00e9tant fluide mentalement et bien ancr\u00e9e sur ses appuis. Attaque direct par une interview pour Management, il faut \u00e9galement ne pas oublier d\u2019appeler l\u2019\u00e9quipe r\u00e9dac\u2019 chef de Forbes pour d\u00e9caler l\u2019entretien (ils attendront un peu&#8230;), puis ensuite pr\u00e9paration de la newsletter business, checker les barom\u00e8tres, programmer les soir\u00e9es r\u00e9seautage&#8230; bon ok, \u00e7a passe. Tranquille m\u00eame ! Vendredi je m\u2019offre l\u2019apr\u00e8m\u2019 rien que pour moi et je referme l\u2019ordi \u00e0 19h00. Yes !!!<\/p>\n<p>Mais tout ceci n\u2019est presque que futilit\u00e9, pour le plaisir de tout bien organiser au cordeau et se lib\u00e9rer du temps pour son v\u00e9ritable kif\u2019 ! Le truc qui la fait vraiment vibrer : bosser avec les dirigeantes et dirigeants d\u2019entreprise pour r\u00e9pondre \u00e0 leur envies les plus raisonnables comme les plus dingues. Genre :<br \/>\n\u2022 Reposer l\u2019int\u00e9gralit\u00e9 de la strat\u00e9gie market\u2019 sur la table et brainstormer en faisant le poirier (nouvelle m\u00e9thode US qui favorise l\u2019afflux sanguin et les concepts les plus bankables). Check !<br \/>\n\u2022 Huiler le management en embarquant toute la boite \u00e0 participer \u00e0 un concours de dragsters boost\u00e9s \u00e0 l\u2019huile de radis bio afin de redonner le savoureux et indescriptible plaisir de faire crisser les pneus, marquer le bitume tout en faisant jaillir des \u00e9tincelles. Check !<br \/>\n\u2022 Lancer des challenges d\u00e9lirants comme inscrire par surprise l\u2019\u00e9quipe de direction \u00e0 une session de Big Wave Surfing \u00e0 Nazar\u00e9 histoire de repousser leur limite et rebooster leur envie de tout d\u00e9foncer. Check !<\/p>\n<p>Vous l\u2019avez compris, on est loin des ateliers Lego. Avec Laura, va falloir vous accrocher car si vous lui lancez un d\u00e9fi votre plus grande surprise sera d\u2019\u00eatre pris \u00e0 votre propre jeu par un wazari retourn\u00e9 triple backflip invers\u00e9 qui vous collera les omoplates au tatami. Mais ne vous inqui\u00e9tez pas, celui-ci est bien molleton\u00e9 et vous pourrez repartir au fight dans la foul\u00e9e. Elle avait d\u00e9j\u00e0 tout pr\u00e9vu !<\/p>\n<p>&gt;&gt;&gt; <a href=\"https:\/\/grisby.news\/wp-content\/uploads\/2023\/04\/Grisby-Mag-LBK-Consulting-Laura-Bokobza-La-Firme-Reseau-Affaires-Business-Toulouse-Avril23-Num51.pdf\" target=\"_blank\" rel=\"noopener noreferrer\">T\u00e9l\u00e9chargez le Grisby Mag&rsquo; n\u00b051 d&rsquo;avril 2023<\/a><\/p>\n","protected":false},"excerpt":{"rendered":"<p>Num\u00e9ro 51 \u00ab Je me souviens le soir o\u00f9 Bernard a fait tapis en misant Adidas avec juste une paire de 2 dans les pattes. C\u2019\u00e9tait tendax !\u00a0\u00bb POKER FACE ! Rentr\u00e9e \u00e0 3h du matin apr\u00e8s la session tripot poker mensuelle qu\u2019elle vient d\u2019organiser discr\u00e8tement avec tout ce que Bordeaux compte de pontes les [&hellip;]<\/p>\n","protected":false},"author":1,"featured_media":0,"parent":78,"menu_order":0,"comment_status":"closed","ping_status":"closed","template":"","meta":[],"_links":{"self":[{"href":"https:\/\/grisby.news\/index.php\/wp-json\/wp\/v2\/pages\/117"}],"collection":[{"href":"https:\/\/grisby.news\/index.php\/wp-json\/wp\/v2\/pages"}],"about":[{"href":"https:\/\/grisby.news\/index.php\/wp-json\/wp\/v2\/types\/page"}],"author":[{"embeddable":true,"href":"https:\/\/grisby.news\/index.php\/wp-json\/wp\/v2\/users\/1"}],"replies":[{"embeddable":true,"href":"https:\/\/grisby.news\/index.php\/wp-json\/wp\/v2\/comments?post=117"}],"version-history":[{"count":7,"href":"https:\/\/grisby.news\/index.php\/wp-json\/wp\/v2\/pages\/117\/revisions"}],"predecessor-version":[{"id":190,"href":"https:\/\/grisby.news\/index.php\/wp-json\/wp\/v2\/pages\/117\/revisions\/190"}],"up":[{"embeddable":true,"href":"https:\/\/grisby.news\/index.php\/wp-json\/wp\/v2\/pages\/78"}],"wp:attachment":[{"href":"https:\/\/grisby.news\/index.php\/wp-json\/wp\/v2\/media?parent=117"}],"curies":[{"name":"wp","href":"https:\/\/api.w.org\/{rel}","templated":true}]}}